{"id":14527,"date":"2025-07-07T23:56:23","date_gmt":"2025-07-07T21:56:23","guid":{"rendered":"https:\/\/panamagiatravels.com\/?page_id=14527"},"modified":"2025-12-02T23:55:01","modified_gmt":"2025-12-02T21:55:01","slug":"terms-service","status":"publish","type":"page","link":"https:\/\/panamagiatravels.com\/es\/terms-service\/","title":{"rendered":"Condiciones de servicio"},"content":{"rendered":"<div data-elementor-type=\"wp-page\" data-elementor-id=\"14527\" class=\"elementor elementor-14527\">\n\t\t\t\t<div class=\"elementor-element elementor-element-de89759 e-con-full e-flex e-con e-parent\" data-id=\"de89759\" data-element_type=\"container\" data-e-type=\"container\">\n\t\t\t\t<div class=\"elementor-element elementor-element-14f2309 elementor-widget elementor-widget-heading\" data-id=\"14f2309\" data-element_type=\"widget\" data-e-type=\"widget\" data-widget_type=\"heading.default\">\n\t\t\t\t<div class=\"elementor-widget-container\">\n\t\t\t\t\t<h2 class=\"elementor-heading-title elementor-size-default\"><h2 style=\"background-color:#121a53;color:#fff;text-align:center;padding: 7px;margin: 0;width:100%\">\nCondiciones de Servicio \u2013 Panamagia Travels\n<\/h2><\/h2>\t\t\t\t<\/div>\n\t\t\t\t<\/div>\n\t\t\t\t<\/div>\n\t\t\t\t<section class=\"elementor-section elementor-top-section elementor-element elementor-element-1ad183e9 elementor-section-content-middle elementor-section-boxed elementor-section-height-default elementor-section-height-default\" data-id=\"1ad183e9\" data-element_type=\"section\" data-e-type=\"section\" data-settings=\"{&quot;background_background&quot;:&quot;classic&quot;}\">\n\t\t\t\t\t\t\t<div class=\"elementor-background-overlay\"><\/div>\n\t\t\t\t\t\t\t<div class=\"elementor-container elementor-column-gap-no\">\n\t\t\t\t\t<div class=\"elementor-column elementor-col-50 elementor-top-column elementor-element elementor-element-526d4c4d privacy-box\" data-id=\"526d4c4d\" data-element_type=\"column\" data-e-type=\"column\">\n\t\t\t<div class=\"elementor-widget-wrap elementor-element-populated\">\n\t\t\t\t\t\t<div class=\"elementor-element elementor-element-3bf4bdbd privacy-title elementor-widget elementor-widget-heading\" data-id=\"3bf4bdbd\" data-element_type=\"widget\" data-e-type=\"widget\" data-widget_type=\"heading.default\">\n\t\t\t\t<div class=\"elementor-widget-container\">\n\t\t\t\t\t<h3 class=\"elementor-heading-title elementor-size-default\"> Aceptaci\u00f3n de los t\u00e9rminos\n<\/h3>\t\t\t\t<\/div>\n\t\t\t\t<\/div>\n\t\t\t\t<div class=\"elementor-element elementor-element-22116f39 elementor-widget elementor-widget-text-editor\" data-id=\"22116f39\" data-element_type=\"widget\" data-e-type=\"widget\" data-widget_type=\"text-editor.default\">\n\t\t\t\t<div class=\"elementor-widget-container\">\n\t\t\t\t\t\t\t\t\t<span style=\"font-weight: 500;\">Al reservar con Panamagia Travels, el cliente acepta los precios, servicios incluidos y condiciones de cancelaci\u00f3n descritas en el itinerario correspondiente.<\/span>\t\t\t\t\t\t\t\t<\/div>\n\t\t\t\t<\/div>\n\t\t\t\t<div class=\"elementor-element elementor-element-6544f1e8 elementor-widget-divider--view-line elementor-widget elementor-widget-divider\" data-id=\"6544f1e8\" data-element_type=\"widget\" data-e-type=\"widget\" data-widget_type=\"divider.default\">\n\t\t\t\t<div class=\"elementor-widget-container\">\n\t\t\t\t\t\t\t<div class=\"elementor-divider\">\n\t\t\t<span class=\"elementor-divider-separator\">\n\t\t\t\t\t\t<\/span>\n\t\t<\/div>\n\t\t\t\t\t\t<\/div>\n\t\t\t\t<\/div>\n\t\t\t\t\t<\/div>\n\t\t<\/div>\n\t\t\t\t<div class=\"elementor-column elementor-col-50 elementor-top-column elementor-element elementor-element-11c6b636 privacy-box\" data-id=\"11c6b636\" data-element_type=\"column\" data-e-type=\"column\">\n\t\t\t<div class=\"elementor-widget-wrap elementor-element-populated\">\n\t\t\t\t\t\t<div class=\"elementor-element elementor-element-1cf4aafb privacy-title elementor-widget elementor-widget-heading\" data-id=\"1cf4aafb\" data-element_type=\"widget\" data-e-type=\"widget\" data-widget_type=\"heading.default\">\n\t\t\t\t<div class=\"elementor-widget-container\">\n\t\t\t\t\t<h3 class=\"elementor-heading-title elementor-size-default\">Pagos\n<\/h3>\t\t\t\t<\/div>\n\t\t\t\t<\/div>\n\t\t\t\t<div class=\"elementor-element elementor-element-fc966b0 elementor-widget elementor-widget-text-editor\" data-id=\"fc966b0\" data-element_type=\"widget\" data-e-type=\"widget\" data-widget_type=\"text-editor.default\">\n\t\t\t\t<div class=\"elementor-widget-container\">\n\t\t\t\t\t\t\t\t\t<span style=\"font-weight: 500;\">El pago total debe completarse antes del inicio del tour, salvo acuerdo especial por escrito.<\/span><span style=\"font-weight: 500;\">\n<\/span><span style=\"font-weight: 500;\">M\u00e9todos de pago aceptados: tarjeta de cr\u00e9dito\/d\u00e9bito, transferencia bancaria, efectivo u otros medios autorizados por Panamagia Travels.<\/span>\n\n<span style=\"font-weight: 500;\">Todos los pagos se procesan de manera segura, respetando la privacidad y protecci\u00f3n de datos de los clientes.<\/span>\t\t\t\t\t\t\t\t<\/div>\n\t\t\t\t<\/div>\n\t\t\t\t<div class=\"elementor-element elementor-element-1e8c2d05 elementor-widget-divider--view-line elementor-widget elementor-widget-divider\" data-id=\"1e8c2d05\" data-element_type=\"widget\" data-e-type=\"widget\" data-widget_type=\"divider.default\">\n\t\t\t\t<div class=\"elementor-widget-container\">\n\t\t\t\t\t\t\t<div class=\"elementor-divider\">\n\t\t\t<span class=\"elementor-divider-separator\">\n\t\t\t\t\t\t<\/span>\n\t\t<\/div>\n\t\t\t\t\t\t<\/div>\n\t\t\t\t<\/div>\n\t\t\t\t\t<\/div>\n\t\t<\/div>\n\t\t\t\t\t<\/div>\n\t\t<\/section>\n\t\t\t\t<section class=\"elementor-section elementor-top-section elementor-element elementor-element-dce72d9 elementor-section-content-middle elementor-section-boxed elementor-section-height-default elementor-section-height-default\" data-id=\"dce72d9\" data-element_type=\"section\" data-e-type=\"section\" data-settings=\"{&quot;background_background&quot;:&quot;classic&quot;}\">\n\t\t\t\t\t\t\t<div class=\"elementor-background-overlay\"><\/div>\n\t\t\t\t\t\t\t<div class=\"elementor-container elementor-column-gap-no\">\n\t\t\t\t\t<div class=\"elementor-column elementor-col-50 elementor-top-column elementor-element elementor-element-51d6f9d privacy-box\" data-id=\"51d6f9d\" data-element_type=\"column\" data-e-type=\"column\">\n\t\t\t<div class=\"elementor-widget-wrap elementor-element-populated\">\n\t\t\t\t\t\t<div class=\"elementor-element elementor-element-39c3c36 privacy-title elementor-widget elementor-widget-heading\" data-id=\"39c3c36\" data-element_type=\"widget\" data-e-type=\"widget\" data-widget_type=\"heading.default\">\n\t\t\t\t<div class=\"elementor-widget-container\">\n\t\t\t\t\t<h3 class=\"elementor-heading-title elementor-size-default\">Cancelaciones y modificaciones\n<\/h3>\t\t\t\t<\/div>\n\t\t\t\t<\/div>\n\t\t\t\t<div class=\"elementor-element elementor-element-2fca5a8 elementor-widget elementor-widget-text-editor\" data-id=\"2fca5a8\" data-element_type=\"widget\" data-e-type=\"widget\" data-widget_type=\"text-editor.default\">\n\t\t\t\t<div class=\"elementor-widget-container\">\n\t\t\t\t\t\t\t\t\t<span style=\"font-weight: 500;\">Nos reservamos el derecho de modificar o cancelar tours por condiciones clim\u00e1ticas, seguridad, fuerza mayor o cualquier circunstancia fuera de nuestro control.<\/span>\n\n<span style=\"font-weight: 500;\">En caso de cancelaci\u00f3n por parte del cliente, se aplicar\u00e1n las condiciones de reembolso descritas en el itinerario de cada tour.<\/span>\t\t\t\t\t\t\t\t<\/div>\n\t\t\t\t<\/div>\n\t\t\t\t<div class=\"elementor-element elementor-element-29a5a67 elementor-widget-divider--view-line elementor-widget elementor-widget-divider\" data-id=\"29a5a67\" data-element_type=\"widget\" data-e-type=\"widget\" data-widget_type=\"divider.default\">\n\t\t\t\t<div class=\"elementor-widget-container\">\n\t\t\t\t\t\t\t<div class=\"elementor-divider\">\n\t\t\t<span class=\"elementor-divider-separator\">\n\t\t\t\t\t\t<\/span>\n\t\t<\/div>\n\t\t\t\t\t\t<\/div>\n\t\t\t\t<\/div>\n\t\t\t\t\t<\/div>\n\t\t<\/div>\n\t\t\t\t<div class=\"elementor-column elementor-col-50 elementor-top-column elementor-element elementor-element-7e2c98f privacy-box\" data-id=\"7e2c98f\" data-element_type=\"column\" data-e-type=\"column\">\n\t\t\t<div class=\"elementor-widget-wrap elementor-element-populated\">\n\t\t\t\t\t\t<div class=\"elementor-element elementor-element-3cec00d privacy-title elementor-widget elementor-widget-heading\" data-id=\"3cec00d\" data-element_type=\"widget\" data-e-type=\"widget\" data-widget_type=\"heading.default\">\n\t\t\t\t<div class=\"elementor-widget-container\">\n\t\t\t\t\t<h3 class=\"elementor-heading-title elementor-size-default\">Responsabilidad del cliente\n<\/h3>\t\t\t\t<\/div>\n\t\t\t\t<\/div>\n\t\t\t\t<div class=\"elementor-element elementor-element-91a059a elementor-widget elementor-widget-text-editor\" data-id=\"91a059a\" data-element_type=\"widget\" data-e-type=\"widget\" data-widget_type=\"text-editor.default\">\n\t\t\t\t<div class=\"elementor-widget-container\">\n\t\t\t\t\t\t\t\t\t<span style=\"font-weight: 500;\">La empresa no se hace responsable por p\u00e9rdidas, da\u00f1os o extrav\u00edo de objetos personales durante los recorridos.<\/span>\n\n<span style=\"font-weight: 500;\">El cliente es responsable de cumplir con los horarios y normativas indicadas por Panamagia Travels y proveedores asociados.<\/span>\t\t\t\t\t\t\t\t<\/div>\n\t\t\t\t<\/div>\n\t\t\t\t<div class=\"elementor-element elementor-element-346d4d3 elementor-widget-divider--view-line elementor-widget elementor-widget-divider\" data-id=\"346d4d3\" data-element_type=\"widget\" data-e-type=\"widget\" data-widget_type=\"divider.default\">\n\t\t\t\t<div class=\"elementor-widget-container\">\n\t\t\t\t\t\t\t<div class=\"elementor-divider\">\n\t\t\t<span class=\"elementor-divider-separator\">\n\t\t\t\t\t\t<\/span>\n\t\t<\/div>\n\t\t\t\t\t\t<\/div>\n\t\t\t\t<\/div>\n\t\t\t\t\t<\/div>\n\t\t<\/div>\n\t\t\t\t\t<\/div>\n\t\t<\/section>\n\t\t\t\t<section class=\"elementor-section elementor-top-section elementor-element elementor-element-7732adf elementor-section-content-middle elementor-section-boxed elementor-section-height-default elementor-section-height-default\" data-id=\"7732adf\" data-element_type=\"section\" data-e-type=\"section\" data-settings=\"{&quot;background_background&quot;:&quot;classic&quot;}\">\n\t\t\t\t\t\t\t<div class=\"elementor-background-overlay\"><\/div>\n\t\t\t\t\t\t\t<div class=\"elementor-container elementor-column-gap-no\">\n\t\t\t\t\t<div class=\"elementor-column elementor-col-50 elementor-top-column elementor-element elementor-element-252d61b privacy-box\" data-id=\"252d61b\" data-element_type=\"column\" data-e-type=\"column\">\n\t\t\t<div class=\"elementor-widget-wrap elementor-element-populated\">\n\t\t\t\t\t\t<div class=\"elementor-element elementor-element-738ac04 privacy-title elementor-widget elementor-widget-heading\" data-id=\"738ac04\" data-element_type=\"widget\" data-e-type=\"widget\" data-widget_type=\"heading.default\">\n\t\t\t\t<div class=\"elementor-widget-container\">\n\t\t\t\t\t<h3 class=\"elementor-heading-title elementor-size-default\">Modificaci\u00f3n de los t\u00e9rminos\n<\/h3>\t\t\t\t<\/div>\n\t\t\t\t<\/div>\n\t\t\t\t<div class=\"elementor-element elementor-element-865cafa elementor-widget elementor-widget-text-editor\" data-id=\"865cafa\" data-element_type=\"widget\" data-e-type=\"widget\" data-widget_type=\"text-editor.default\">\n\t\t\t\t<div class=\"elementor-widget-container\">\n\t\t\t\t\t\t\t\t\t<p><span style=\"font-weight: 500;\">Panamagia Travels se reserva el derecho de actualizar estos T\u00e9rminos de Servicio en cualquier momento.<\/span><span style=\"font-weight: 500;\"><br \/><\/span><span style=\"font-weight: 500;\">Los cambios se aplicar\u00e1n a las reservas realizadas despu\u00e9s de su publicaci\u00f3n.<\/span><\/p>\t\t\t\t\t\t\t\t<\/div>\n\t\t\t\t<\/div>\n\t\t\t\t\t<\/div>\n\t\t<\/div>\n\t\t\t\t<div class=\"elementor-column elementor-col-50 elementor-top-column elementor-element elementor-element-f64d53d\" data-id=\"f64d53d\" data-element_type=\"column\" data-e-type=\"column\">\n\t\t\t<div class=\"elementor-widget-wrap elementor-element-populated\">\n\t\t\t\t\t\t\t<\/div>\n\t\t<\/div>\n\t\t\t\t\t<\/div>\n\t\t<\/section>\n\t\t\t\t<\/div>","protected":false},"excerpt":{"rendered":"<p>Terms of Service \u2013 Panamagia Travels Acceptance of Terms By booking with Panamagia Travels, the client agrees to the prices, included services, and cancellation conditions described in the corresponding itinerary. Payments Full payment must be completed before the start of the tour, unless otherwise agreed in writing. Accepted payment methods: credit\/debit card, bank transfer, cash, [&hellip;]<\/p>\n","protected":false},"author":1,"featured_media":17958,"parent":0,"menu_order":0,"comment_status":"closed","ping_status":"closed","template":"","meta":{"footnotes":""},"class_list":["post-14527","page","type-page","status-publish","has-post-thumbnail","hentry"],"_hostinger_reach_plugin_has_subscription_block":false,"_hostinger_reach_plugin_is_elementor":false,"_links":{"self":[{"href":"https:\/\/panamagiatravels.com\/es\/wp-json\/wp\/v2\/pages\/14527","targetHints":{"allow":["GET"]}}],"collection":[{"href":"https:\/\/panamagiatravels.com\/es\/wp-json\/wp\/v2\/pages"}],"about":[{"href":"https:\/\/panamagiatravels.com\/es\/wp-json\/wp\/v2\/types\/page"}],"author":[{"embeddable":true,"href":"https:\/\/panamagiatravels.com\/es\/wp-json\/wp\/v2\/users\/1"}],"replies":[{"embeddable":true,"href":"https:\/\/panamagiatravels.com\/es\/wp-json\/wp\/v2\/comments?post=14527"}],"version-history":[{"count":36,"href":"https:\/\/panamagiatravels.com\/es\/wp-json\/wp\/v2\/pages\/14527\/revisions"}],"predecessor-version":[{"id":18578,"href":"https:\/\/panamagiatravels.com\/es\/wp-json\/wp\/v2\/pages\/14527\/revisions\/18578"}],"wp:featuredmedia":[{"embeddable":true,"href":"https:\/\/panamagiatravels.com\/es\/wp-json\/wp\/v2\/media\/17958"}],"wp:attachment":[{"href":"https:\/\/panamagiatravels.com\/es\/wp-json\/wp\/v2\/media?parent=14527"}],"curies":[{"name":"wp","href":"https:\/\/api.w.org\/{rel}","templated":true}]}}