{"id":707,"date":"2022-04-14T01:27:33","date_gmt":"2022-04-14T01:27:33","guid":{"rendered":"https:\/\/modmixmap.wpengine.com\/?page_id=707"},"modified":"2026-03-29T19:21:44","modified_gmt":"2026-03-29T17:21:44","slug":"contact","status":"publish","type":"page","link":"https:\/\/panamagiatravels.com\/es\/contact\/","title":{"rendered":"Contacto"},"content":{"rendered":"<div data-elementor-type=\"wp-page\" data-elementor-id=\"707\" class=\"elementor elementor-707\">\n\t\t\t\t\t\t<section class=\"elementor-section elementor-top-section elementor-element elementor-element-152ee526 elementor-section-full_width elementor-section-height-default elementor-section-height-default\" data-id=\"152ee526\" data-element_type=\"section\" data-e-type=\"section\">\n\t\t\t\t\t\t<div class=\"elementor-container elementor-column-gap-no\">\n\t\t\t\t\t<div class=\"elementor-column elementor-col-100 elementor-top-column elementor-element elementor-element-560e6049\" data-id=\"560e6049\" data-element_type=\"column\" data-e-type=\"column\">\n\t\t\t<div class=\"elementor-widget-wrap elementor-element-populated\">\n\t\t\t\t\t\t<div class=\"elementor-element elementor-element-bd787db elementor-widget elementor-widget-google_maps\" data-id=\"bd787db\" data-element_type=\"widget\" data-e-type=\"widget\" data-widget_type=\"google_maps.default\">\n\t\t\t\t<div class=\"elementor-widget-container\">\n\t\t\t\t\t\t\t<div class=\"elementor-custom-embed\">\n\t\t\t<iframe loading=\"lazy\"\n\t\t\t\t\tsrc=\"https:\/\/www.google.com\/maps\/embed\/v1\/place?key=AIzaSyD_mvw2zZtbTI4CrlzB0zqInC6jYXfhsQw&#038;q=Ciudad%20de%20Panam%C3%A1%20&#038;zoom=12\"\n\t\t\t\t\ttitle=\"Ciudad de Panam\u00e1 \"\n\t\t\t\t\taria-label=\"Ciudad de Panam\u00e1 \"\n\t\t\t><\/iframe>\n\t\t<\/div>\n\t\t\t\t\t\t<\/div>\n\t\t\t\t<\/div>\n\t\t\t\t\t<\/div>\n\t\t<\/div>\n\t\t\t\t\t<\/div>\n\t\t<\/section>\n\t\t\t\t<section class=\"elementor-section elementor-top-section elementor-element elementor-element-7286bf4b elementor-section-content-middle elementor-section-boxed elementor-section-height-default elementor-section-height-default\" data-id=\"7286bf4b\" data-element_type=\"section\" data-e-type=\"section\">\n\t\t\t\t\t\t<div class=\"elementor-container elementor-column-gap-default\">\n\t\t\t\t\t<div class=\"elementor-column elementor-col-50 elementor-top-column elementor-element elementor-element-4fc8b9e5\" data-id=\"4fc8b9e5\" data-element_type=\"column\" data-e-type=\"column\">\n\t\t\t<div class=\"elementor-widget-wrap elementor-element-populated\">\n\t\t\t\t\t\t<div class=\"elementor-element elementor-element-2a2ce934 elementor-widget elementor-widget-heading\" data-id=\"2a2ce934\" data-element_type=\"widget\" data-e-type=\"widget\" data-widget_type=\"heading.default\">\n\t\t\t\t<div class=\"elementor-widget-container\">\n\t\t\t\t\t<h2 class=\"elementor-heading-title elementor-size-default\">Contacto \u2013 Panamagia Travels\n <\/h2>\t\t\t\t<\/div>\n\t\t\t\t<\/div>\n\t\t\t\t<div class=\"elementor-element elementor-element-6bbd8299 elementor-widget elementor-widget-heading\" data-id=\"6bbd8299\" data-element_type=\"widget\" data-e-type=\"widget\" data-widget_type=\"heading.default\">\n\t\t\t\t<div class=\"elementor-widget-container\">\n\t\t\t\t\t<h2 class=\"elementor-heading-title elementor-size-default\"><span><p>Estamos listos para ayudarte a planificar tu experiencia inolvidable en Panam\u00e1.<\/span><p><span style=\"font-weight: bold\">Horario de atenci\u00f3n<\/span><br><span>Lunes a Viernes: 9:00 a.m. a 6:00 p.m.\n <br>S\u00e1bados: 9:00a.m a 1:00pm<\/span><span><br><\/span><span>Respuesta r\u00e1pida v\u00eda WhatsApp y correo electr\u00f3nico.<\/span><\/p><span style=\"font-weight: bold\">Atenci\u00f3n fuera de horario<\/span><br><span>Solo para clientes con reservas confirmadas, a trav\u00e9s del n\u00famero de urgencias operativas.\n<\/span>\n<p><\/p> <span style=\"font-weight: bold\">Cont\u00e1ctanos<\/span><\/h2>\t\t\t\t<\/div>\n\t\t\t\t<\/div>\n\t\t\t\t<div class=\"elementor-element elementor-element-427920a1 elementor-position-left elementor-vertical-align-middle elementor-mobile-position-left elementor-widget-laptop__width-initial elementor-view-default elementor-widget elementor-widget-icon-box\" data-id=\"427920a1\" data-element_type=\"widget\" data-e-type=\"widget\" data-widget_type=\"icon-box.default\">\n\t\t\t\t<div class=\"elementor-widget-container\">\n\t\t\t\t\t            <div class=\"elementor-icon-box-wrapper\">\r\n                                <div class=\"elementor-icon-box-content\">\r\n\t\t\t\t\t                    <h3 class=\"elementor-icon-box-title\">\r\n                        <span   style=\"display: inline-flex; align-items: center;\">\r\n\r\n                                                                                    <div class=\"elementor-icon-box-icon\">\r\n                                    <span class=\"elementor-icon elementor-animation-\" >\r\n                                    <svg aria-hidden=\"true\" class=\"e-font-icon-svg e-fas-map-marker-alt\" viewbox=\"0 0 384 512\" xmlns=\"http:\/\/www.w3.org\/2000\/svg\"><path d=\"M172.268 501.67C26.97 291.031 0 269.413 0 192 0 85.961 85.961 0 192 0s192 85.961 192 192c0 77.413-26.97 99.031-172.268 309.67-9.535 13.774-29.93 13.773-39.464 0zM192 272c44.183 0 80-35.817 80-80s-35.817-80-80-80-80 35.817-80 80 35.817 80 80 80z\"><\/path><\/svg>                                    <\/span>\r\n                                <\/div>\r\n                                                     Ciudad de Panam\u00e1, Panam\u00e1                        <\/span>\r\n                    <\/h3>\r\n\r\n                                    <\/div>\r\n            <\/div>\r\n            \t\t\t\t<\/div>\n\t\t\t\t<\/div>\n\t\t\t\t<div class=\"elementor-element elementor-element-58f2cd5b elementor-widget-divider--view-line elementor-widget elementor-widget-divider\" data-id=\"58f2cd5b\" data-element_type=\"widget\" data-e-type=\"widget\" data-widget_type=\"divider.default\">\n\t\t\t\t<div class=\"elementor-widget-container\">\n\t\t\t\t\t\t\t<div class=\"elementor-divider\">\n\t\t\t<span class=\"elementor-divider-separator\">\n\t\t\t\t\t\t<\/span>\n\t\t<\/div>\n\t\t\t\t\t\t<\/div>\n\t\t\t\t<\/div>\n\t\t\t\t<div class=\"elementor-element elementor-element-18a154ec elementor-position-left elementor-vertical-align-middle elementor-mobile-position-left elementor-view-default elementor-widget elementor-widget-icon-box\" data-id=\"18a154ec\" data-element_type=\"widget\" data-e-type=\"widget\" data-widget_type=\"icon-box.default\">\n\t\t\t\t<div class=\"elementor-widget-container\">\n\t\t\t\t\t            <div class=\"elementor-icon-box-wrapper\">\r\n                                <div class=\"elementor-icon-box-content\">\r\n\t\t\t\t\t                    <h3 class=\"elementor-icon-box-title\">\r\n                        <span   style=\"display: inline-flex; align-items: center;\">\r\n\r\n                                                                                    <div class=\"elementor-icon-box-icon\">\r\n                                    <span class=\"elementor-icon elementor-animation-\" >\r\n                                    <svg aria-hidden=\"true\" class=\"e-font-icon-svg e-fas-phone-alt\" viewbox=\"0 0 512 512\" xmlns=\"http:\/\/www.w3.org\/2000\/svg\"><path d=\"M497.39 361.8l-112-48a24 24 0 0 0-28 6.9l-49.6 60.6A370.66 370.66 0 0 1 130.6 204.11l60.6-49.6a23.94 23.94 0 0 0 6.9-28l-48-112A24.16 24.16 0 0 0 122.6.61l-104 24A24 24 0 0 0 0 48c0 256.5 207.9 464 464 464a24 24 0 0 0 23.4-18.6l24-104a24.29 24.29 0 0 0-14.01-27.6z\"><\/path><\/svg>                                    <\/span>\r\n                                <\/div>\r\n                                                     (+507) 6842-0808                        <\/span>\r\n                    <\/h3>\r\n\r\n                                    <\/div>\r\n            <\/div>\r\n            \t\t\t\t<\/div>\n\t\t\t\t<\/div>\n\t\t\t\t<div class=\"elementor-element elementor-element-3d492a61 elementor-widget-divider--view-line elementor-widget elementor-widget-divider\" data-id=\"3d492a61\" data-element_type=\"widget\" data-e-type=\"widget\" data-widget_type=\"divider.default\">\n\t\t\t\t<div class=\"elementor-widget-container\">\n\t\t\t\t\t\t\t<div class=\"elementor-divider\">\n\t\t\t<span class=\"elementor-divider-separator\">\n\t\t\t\t\t\t<\/span>\n\t\t<\/div>\n\t\t\t\t\t\t<\/div>\n\t\t\t\t<\/div>\n\t\t\t\t<div class=\"elementor-element elementor-element-b79049e elementor-position-left elementor-vertical-align-middle elementor-mobile-position-left elementor-view-default elementor-widget elementor-widget-icon-box\" data-id=\"b79049e\" data-element_type=\"widget\" data-e-type=\"widget\" data-widget_type=\"icon-box.default\">\n\t\t\t\t<div class=\"elementor-widget-container\">\n\t\t\t\t\t            <div class=\"elementor-icon-box-wrapper\">\r\n                                <div class=\"elementor-icon-box-content\">\r\n\t\t\t\t\t                    <h3 class=\"elementor-icon-box-title\">\r\n                        <span   style=\"display: inline-flex; align-items: center;\">\r\n\r\n                                                                                    <div class=\"elementor-icon-box-icon\">\r\n                                    <span class=\"elementor-icon elementor-animation-\" >\r\n                                    <svg aria-hidden=\"true\" class=\"e-font-icon-svg e-fas-envelope\" viewbox=\"0 0 512 512\" xmlns=\"http:\/\/www.w3.org\/2000\/svg\"><path d=\"M502.3 190.8c3.9-3.1 9.7-.2 9.7 4.7V400c0 26.5-21.5 48-48 48H48c-26.5 0-48-21.5-48-48V195.6c0-5 5.7-7.8 9.7-4.7 22.4 17.4 52.1 39.5 154.1 113.6 21.1 15.4 56.7 47.8 92.2 47.6 35.7.3 72-32.8 92.3-47.6 102-74.1 131.6-96.3 154-113.7zM256 320c23.2.4 56.6-29.2 73.4-41.4 132.7-96.3 142.8-104.7 173.4-128.7 5.8-4.5 9.2-11.5 9.2-18.9v-19c0-26.5-21.5-48-48-48H48C21.5 64 0 85.5 0 112v19c0 7.4 3.4 14.3 9.2 18.9 30.6 23.9 40.7 32.4 173.4 128.7 16.8 12.2 50.2 41.8 73.4 41.4z\"><\/path><\/svg>                                    <\/span>\r\n                                <\/div>\r\n                                                     info@panamagiatravels.com                        <\/span>\r\n                    <\/h3>\r\n\r\n                                    <\/div>\r\n            <\/div>\r\n            \t\t\t\t<\/div>\n\t\t\t\t<\/div>\n\t\t\t\t\t<\/div>\n\t\t<\/div>\n\t\t\t\t<div class=\"elementor-column elementor-col-50 elementor-top-column elementor-element elementor-element-b80a6ce\" data-id=\"b80a6ce\" data-element_type=\"column\" data-e-type=\"column\">\n\t\t\t<div class=\"elementor-widget-wrap elementor-element-populated\">\n\t\t\t\t\t\t<div class=\"elementor-element elementor-element-10e6865 elementor-widget elementor-widget-shortcode\" data-id=\"10e6865\" data-element_type=\"widget\" data-e-type=\"widget\" data-widget_type=\"shortcode.default\">\n\t\t\t\t<div class=\"elementor-widget-container\">\n\t\t\t\t\t\t\t<div class=\"elementor-shortcode\">\n<div class=\"wpcf7 no-js\" id=\"wpcf7-f6-o1\" lang=\"en-US\" dir=\"ltr\" data-wpcf7-id=\"6\">\n<div class=\"screen-reader-response\"><p role=\"status\" aria-live=\"polite\" aria-atomic=\"true\"><\/p> <ul><\/ul><\/div>\n<form action=\"\/es\/wp-json\/wp\/v2\/pages\/707#wpcf7-f6-o1\" method=\"post\" class=\"wpcf7-form init\" aria-label=\"Contact form\" novalidate=\"novalidate\" data-status=\"init\" data-trp-original-action=\"\/es\/wp-json\/wp\/v2\/pages\/707#wpcf7-f6-o1\">\n<fieldset class=\"hidden-fields-container\"><input type=\"hidden\" name=\"_wpcf7\" value=\"6\" \/><input type=\"hidden\" name=\"_wpcf7_version\" value=\"6.1.5\" \/><input type=\"hidden\" name=\"_wpcf7_locale\" value=\"en_US\" \/><input type=\"hidden\" name=\"_wpcf7_unit_tag\" value=\"wpcf7-f6-o1\" \/><input type=\"hidden\" name=\"_wpcf7_container_post\" value=\"0\" \/><input type=\"hidden\" name=\"_wpcf7_posted_data_hash\" value=\"\" \/><input type=\"hidden\" name=\"_wpcf7_recaptcha_response\" value=\"\" \/>\n<\/fieldset>\n<div class=\"st-contact-form st-border-new\">\n\t<h3 style=\"font-family: 'Montserrat', sans-serif;\">Env\u00edanos un mensaje\n\t<\/h3>\n\t<p style=\"text-align: justify; font-family: 'Montserrat', sans-serif; font-size: 17px; font-weight: 500;\"><br \/>\nNuestro equipo te acompa\u00f1ar\u00e1 y guiar\u00e1, resolviendo todas tus dudas y consultas.\n\t<\/p>\n\t<div class=\"mt30\">\n\t\t<div class=\"row\">\n\t\t\t<div class=\"col-md-6\">\n\t\t\t\t<div class=\"form-group\">\n\t\t\t\t\t<p><span class=\"wpcf7-form-control-wrap\" data-name=\"your-name\"><input size=\"40\" maxlength=\"400\" class=\"wpcf7-form-control wpcf7-text form-control\" id=\"name\" aria-invalid=\"false\" placeholder=\"Tu nombre*\" value=\"\" type=\"text\" name=\"your-name\" \/><\/span>\n\t\t\t\t\t<\/p>\n\t\t\t\t<\/div>\n\t\t\t<\/div>\n\t\t\t<div class=\"col-md-6\">\n\t\t\t\t<div class=\"form-group\">\n\t\t\t\t\t<p><span class=\"wpcf7-form-control-wrap\" data-name=\"your-phone\"><input size=\"40\" maxlength=\"400\" class=\"wpcf7-form-control wpcf7-tel wpcf7-text wpcf7-validates-as-tel form-control\" id=\"phone\" aria-invalid=\"false\" placeholder=\"N\u00famero de tel\u00e9fono\" value=\"\" type=\"tel\" name=\"your-phone\" \/><\/span>\n\t\t\t\t\t<\/p>\n\t\t\t\t<\/div>\n\t\t\t<\/div>\n\t\t<\/div>\n\t\t<div class=\"row\">\n\t\t\t<div class=\"col-md-12\">\n\t\t\t\t<div class=\"form-group\">\n\t\t\t\t\t<p><span class=\"wpcf7-form-control-wrap\" data-name=\"email-139\"><input size=\"40\" maxlength=\"400\" class=\"wpcf7-form-control wpcf7-email wpcf7-validates-as-required wpcf7-text wpcf7-validates-as-email form-control\" id=\"email\" aria-required=\"true\" aria-invalid=\"false\" placeholder=\"Correo electr\u00f3nico*\" value=\"\" type=\"email\" name=\"email-139\" \/><\/span>\n\t\t\t\t\t<\/p>\n\t\t\t\t<\/div>\n\t\t\t<\/div>\n\t\t<\/div>\n\t\t<div class=\"form-group\">\n\t\t\t<p><span class=\"wpcf7-form-control-wrap\" data-name=\"message\"><textarea cols=\"40\" rows=\"10\" maxlength=\"2000\" class=\"wpcf7-form-control wpcf7-textarea form-control\" id=\"message\" aria-invalid=\"false\" placeholder=\"Mensaje\" name=\"message\"><\/textarea><\/span>\n\t\t\t<\/p>\n\t\t<\/div>\n\t\t<div class=\"st-button-subbmit\">\n\t\t\t<p><input class=\"wpcf7-form-control wpcf7-submit has-spinner btn text-center btn-v2 btn-primary\" type=\"submit\" value=\"Enviar\" \/>\n\t\t\t<\/p>\n\t\t<\/div>\n\t<\/div>\n<\/div><div class=\"wpcf7-response-output\" aria-hidden=\"true\"><\/div>\n<input type=\"hidden\" name=\"trp-form-language\" value=\"es\"\/><\/form>\n<\/div>\n<\/div>\n\t\t\t\t\t\t<\/div>\n\t\t\t\t<\/div>\n\t\t\t\t\t<\/div>\n\t\t<\/div>\n\t\t\t\t\t<\/div>\n\t\t<\/section>\n\t\t\t\t<\/div>","protected":false},"excerpt":{"rendered":"<p>Contact \u2013 Panamagia Travels We are ready to help you plan your unforgettable experience in Panama. Opening HoursMonday to Friday: 9:00 a.m. to 6:00 p.m. Saturday: 9:00 a.m. to 1:00 p.m.Quick response via WhatsApp and email. After-Hours AssistanceOnly for clients with confirmed bookings, through the operational emergency number. Get in Touch: Panama City, Panama (+507) [&hellip;]<\/p>\n","protected":false},"author":1,"featured_media":17646,"parent":0,"menu_order":0,"comment_status":"closed","ping_status":"closed","template":"","meta":{"footnotes":""},"class_list":["post-707","page","type-page","status-publish","has-post-thumbnail","hentry"],"_hostinger_reach_plugin_has_subscription_block":false,"_hostinger_reach_plugin_is_elementor":false,"_links":{"self":[{"href":"https:\/\/panamagiatravels.com\/es\/wp-json\/wp\/v2\/pages\/707","targetHints":{"allow":["GET"]}}],"collection":[{"href":"https:\/\/panamagiatravels.com\/es\/wp-json\/wp\/v2\/pages"}],"about":[{"href":"https:\/\/panamagiatravels.com\/es\/wp-json\/wp\/v2\/types\/page"}],"author":[{"embeddable":true,"href":"https:\/\/panamagiatravels.com\/es\/wp-json\/wp\/v2\/users\/1"}],"replies":[{"embeddable":true,"href":"https:\/\/panamagiatravels.com\/es\/wp-json\/wp\/v2\/comments?post=707"}],"version-history":[{"count":60,"href":"https:\/\/panamagiatravels.com\/es\/wp-json\/wp\/v2\/pages\/707\/revisions"}],"predecessor-version":[{"id":18988,"href":"https:\/\/panamagiatravels.com\/es\/wp-json\/wp\/v2\/pages\/707\/revisions\/18988"}],"wp:featuredmedia":[{"embeddable":true,"href":"https:\/\/panamagiatravels.com\/es\/wp-json\/wp\/v2\/media\/17646"}],"wp:attachment":[{"href":"https:\/\/panamagiatravels.com\/es\/wp-json\/wp\/v2\/media?parent=707"}],"curies":[{"name":"wp","href":"https:\/\/api.w.org\/{rel}","templated":true}]}}