{"id":807,"date":"2022-04-16T23:51:28","date_gmt":"2022-04-16T23:51:28","guid":{"rendered":"https:\/\/modmixmap.wpengine.com\/?page_id=807"},"modified":"2026-01-25T19:00:20","modified_gmt":"2026-01-25T17:00:20","slug":"about","status":"publish","type":"page","link":"https:\/\/panamagiatravels.com\/es\/about\/","title":{"rendered":"Acerca de"},"content":{"rendered":"<div data-elementor-type=\"wp-page\" data-elementor-id=\"807\" class=\"elementor elementor-807\">\n\t\t\t\t\t\t<section class=\"elementor-section elementor-top-section elementor-element elementor-element-6eb11fd1 elementor-section-full_width elementor-section-height-default elementor-section-height-default\" data-id=\"6eb11fd1\" data-element_type=\"section\" data-e-type=\"section\">\n\t\t\t\t\t\t<div class=\"elementor-container elementor-column-gap-default\">\n\t\t\t\t\t<div class=\"elementor-column elementor-col-100 elementor-top-column elementor-element elementor-element-4732643c\" data-id=\"4732643c\" data-element_type=\"column\" data-e-type=\"column\">\n\t\t\t<div class=\"elementor-widget-wrap elementor-element-populated\">\n\t\t\t\t\t\t<section class=\"elementor-section elementor-inner-section elementor-element elementor-element-2947a700 elementor-section-full_width elementor-section-height-default elementor-section-height-default\" data-id=\"2947a700\" data-element_type=\"section\" data-e-type=\"section\" data-settings=\"{&quot;background_background&quot;:&quot;classic&quot;}\">\n\t\t\t\t\t\t<div class=\"elementor-container elementor-column-gap-default\">\n\t\t\t\t\t<div class=\"elementor-column elementor-col-100 elementor-inner-column elementor-element elementor-element-42bead8c\" data-id=\"42bead8c\" data-element_type=\"column\" data-e-type=\"column\">\n\t\t\t<div class=\"elementor-widget-wrap elementor-element-populated\">\n\t\t\t\t\t\t<div class=\"elementor-element elementor-element-393256ee elementor-widget__width-auto elementor-widget elementor-widget-st_button_video_popup\" data-id=\"393256ee\" data-element_type=\"widget\" data-e-type=\"widget\" data-settings=\"{&quot;youtube_url&quot;:&quot;https:\\\/\\\/www.youtube.com\\\/watch?v=XHOmBV4js_E&quot;,&quot;video_type&quot;:&quot;youtube&quot;,&quot;yt_privacy&quot;:1,&quot;mute&quot;:1,&quot;loop&quot;:0}\" data-widget_type=\"st_button_video_popup.default\">\n\t\t\t\t<div class=\"elementor-widget-container\">\n\t\t\t\t\t<div class=\"st-button-popup-video default\">\r\n    <button class=\"elementor-custom-embed-image-overlay\" data-elementor-open-lightbox=\"yes\" data-elementor-lightbox=\"{&quot;type&quot;:&quot;video&quot;,&quot;videoType&quot;:&quot;youtube&quot;,&quot;url&quot;:&quot;https:\\\/\\\/www.youtube-nocookie.com\\\/embed\\\/XHOmBV4js_E?feature=oembed&amp;start&amp;end&amp;wmode=opaque&amp;loop=0&amp;mute=1&quot;,&quot;modalOptions&quot;:{&quot;id&quot;:&quot;elementor-lightbox-393256ee&quot;,&quot;videoAspectRatio&quot;:&quot;169&quot;}}\"><span class=\"stt-icon-play\"><\/span><\/button>\r\n<\/div>\t\t\t\t<\/div>\n\t\t\t\t<\/div>\n\t\t\t\t\t<\/div>\n\t\t<\/div>\n\t\t\t\t\t<\/div>\n\t\t<\/section>\n\t\t\t\t\t<\/div>\n\t\t<\/div>\n\t\t\t\t\t<\/div>\n\t\t<\/section>\n\t\t\t\t<section class=\"elementor-section elementor-top-section elementor-element elementor-element-1e2f5304 elementor-section-full_width elementor-section-height-default elementor-section-height-default\" data-id=\"1e2f5304\" data-element_type=\"section\" data-e-type=\"section\">\n\t\t\t\t\t\t<div class=\"elementor-container elementor-column-gap-default\">\n\t\t\t\t\t<div class=\"elementor-column elementor-col-100 elementor-top-column elementor-element elementor-element-6aae9b20\" data-id=\"6aae9b20\" data-element_type=\"column\" data-e-type=\"column\">\n\t\t\t<div class=\"elementor-widget-wrap elementor-element-populated\">\n\t\t\t\t\t\t<div class=\"elementor-element elementor-element-4bbaade elementor-widget elementor-widget-heading\" data-id=\"4bbaade\" data-element_type=\"widget\" data-e-type=\"widget\" data-widget_type=\"heading.default\">\n\t\t\t\t<div class=\"elementor-widget-container\">\n\t\t\t\t\t<h2 class=\"elementor-heading-title elementor-size-default\"><h2 style=\"background-color:#121a53;color:#fff;text-align:center;padding: 0px;margin: 0;width:100%;font-size:28px\">\n Acerca de la Empresa \n<\/h2><\/h2>\t\t\t\t<\/div>\n\t\t\t\t<\/div>\n\t\t\t\t<div class=\"elementor-element elementor-element-2eecd387 elementor-widget elementor-widget-heading\" data-id=\"2eecd387\" data-element_type=\"widget\" data-e-type=\"widget\" data-widget_type=\"heading.default\">\n\t\t\t\t<div class=\"elementor-widget-container\">\n\t\t\t\t\t<h2 class=\"elementor-heading-title elementor-size-default\"><p><strong>\u00bfQui\u00e9nes somos?<\/strong><\/p>\n<p>Panamagia Travels es una empresa paname\u00f1a especializada en experiencias tur\u00edsticas sostenibles, transporte privado y tours personalizados que conectan a los viajeros con la aut\u00e9ntica esencia de Panam\u00e1.<\/p>\n\n<p>Combinamos el confort de los traslados privados con itinerarios \u00fanicos, culturales y naturales, dise\u00f1ados para quienes desean descubrir el pa\u00eds de manera cercana, segura y respetuosa.<\/p>\n\n<p>Con base en Ciudad de Panam\u00e1, ofrecemos traslados al aeropuerto, tours urbanos, ecoturismo en comunidades ind\u00edgenas, escapadas al Caribe y mucho m\u00e1s.<\/p>\n\n<p>Nuestro equipo de conductores anfitriones y colaboradores locales garantizan atenci\u00f3n c\u00e1lida, itinerarios cuidadosamente planificados y un firme compromiso con el turismo responsable.<\/p>\n\n<p><strong>Explora con confianza. Explora con Panamagia.<\/strong><\/p>\n<p><strong>\"Mucho m\u00e1s que transporte. Dise\u00f1amos experiencias.\"<\/strong><\/p><\/h2>\t\t\t\t<\/div>\n\t\t\t\t<\/div>\n\t\t\t\t\t<\/div>\n\t\t<\/div>\n\t\t\t\t\t<\/div>\n\t\t<\/section>\n\t\t\t\t<section class=\"elementor-section elementor-top-section elementor-element elementor-element-6a5a94e3 elementor-section-full_width elementor-section-height-default elementor-section-height-default\" data-id=\"6a5a94e3\" data-element_type=\"section\" data-e-type=\"section\">\n\t\t\t\t\t\t<div class=\"elementor-container elementor-column-gap-default\">\n\t\t\t\t\t<div class=\"elementor-column elementor-col-50 elementor-top-column elementor-element elementor-element-52410987\" data-id=\"52410987\" data-element_type=\"column\" data-e-type=\"column\">\n\t\t\t<div class=\"elementor-widget-wrap elementor-element-populated\">\n\t\t\t\t\t\t<div class=\"elementor-element elementor-element-96c2f29 elementor-widget elementor-widget-heading\" data-id=\"96c2f29\" data-element_type=\"widget\" data-e-type=\"widget\" data-widget_type=\"heading.default\">\n\t\t\t\t<div class=\"elementor-widget-container\">\n\t\t\t\t\t<h2 class=\"elementor-heading-title elementor-size-default\"><h2 style=\"background-color:#121a53;color:#fff;text-align:center;padding: 0px;margin: 0;width:100%;font-size:28px\">\nNuestra Misi\u00f3n\n<\/h2><\/h2>\t\t\t\t<\/div>\n\t\t\t\t<\/div>\n\t\t\t\t<div class=\"elementor-element elementor-element-363cb770 elementor-widget elementor-widget-heading\" data-id=\"363cb770\" data-element_type=\"widget\" data-e-type=\"widget\" data-widget_type=\"heading.default\">\n\t\t\t\t<div class=\"elementor-widget-container\">\n\t\t\t\t\t<h2 class=\"elementor-heading-title elementor-size-default\"><span>Ofrecer experiencias tur\u00edsticas seguras, aut\u00e9nticas y sostenibles, combinando transporte privado y tours personalizados que conecten a los viajeros con la esencia de Panam\u00e1 y del mundo, y sean memorables para cada uno de ellos.<\/span><br><\/h2>\t\t\t\t<\/div>\n\t\t\t\t<\/div>\n\t\t\t\t<div class=\"elementor-element elementor-element-264ad2e9 elementor-align-start elementor-icon-list--layout-traditional elementor-list-item-link-full_width elementor-widget elementor-widget-icon-list\" data-id=\"264ad2e9\" data-element_type=\"widget\" data-e-type=\"widget\" data-widget_type=\"icon-list.default\">\n\t\t\t\t<div class=\"elementor-widget-container\">\n\t\t\t\t\t\t\t<ul class=\"elementor-icon-list-items\">\n\t\t\t\t\t\t\t<li class=\"elementor-icon-list-item\">\n\t\t\t\t\t\t\t\t\t\t<span class=\"elementor-icon-list-text\"><\/span>\n\t\t\t\t\t\t\t\t\t<\/li>\n\t\t\t\t\t\t<\/ul>\n\t\t\t\t\t\t<\/div>\n\t\t\t\t<\/div>\n\t\t\t\t\t<\/div>\n\t\t<\/div>\n\t\t\t\t<div class=\"elementor-column elementor-col-50 elementor-top-column elementor-element elementor-element-3acbe6d7\" data-id=\"3acbe6d7\" data-element_type=\"column\" data-e-type=\"column\">\n\t\t\t<div class=\"elementor-widget-wrap elementor-element-populated\">\n\t\t\t\t\t\t<div class=\"elementor-element elementor-element-e20439a elementor-widget elementor-widget-heading\" data-id=\"e20439a\" data-element_type=\"widget\" data-e-type=\"widget\" data-widget_type=\"heading.default\">\n\t\t\t\t<div class=\"elementor-widget-container\">\n\t\t\t\t\t<h2 class=\"elementor-heading-title elementor-size-default\"><h2 style=\"background-color:#121a53;color:#fff;text-align:center;padding: 0px;margin: 0;width:100%;font-size:28px\">\nNuestra Visi\u00f3n\n<\/h2><\/h2>\t\t\t\t<\/div>\n\t\t\t\t<\/div>\n\t\t\t\t<div class=\"elementor-element elementor-element-8ba4a4c elementor-widget elementor-widget-heading\" data-id=\"8ba4a4c\" data-element_type=\"widget\" data-e-type=\"widget\" data-widget_type=\"heading.default\">\n\t\t\t\t<div class=\"elementor-widget-container\">\n\t\t\t\t\t<h2 class=\"elementor-heading-title elementor-size-default\"><span id=\"docs-internal-guid-65f8dae4-7fff-8263-1833-8ca986ff6269\">Ser l\u00edderes en turismo responsable e innovador en Panam\u00e1 y reconocidos internacionalmente, creando experiencias memorables y sostenibles que generen valor para las comunidades locales.<\/span><\/h2>\t\t\t\t<\/div>\n\t\t\t\t<\/div>\n\t\t\t\t\t<\/div>\n\t\t<\/div>\n\t\t\t\t\t<\/div>\n\t\t<\/section>\n\t\t\t\t<section class=\"elementor-section elementor-top-section elementor-element elementor-element-e70a8bc elementor-section-full_width elementor-section-height-default elementor-section-height-default\" data-id=\"e70a8bc\" data-element_type=\"section\" data-e-type=\"section\">\n\t\t\t\t\t\t<div class=\"elementor-container elementor-column-gap-default\">\n\t\t\t\t\t<div class=\"elementor-column elementor-col-100 elementor-top-column elementor-element elementor-element-50dd107\" data-id=\"50dd107\" data-element_type=\"column\" data-e-type=\"column\">\n\t\t\t<div class=\"elementor-widget-wrap elementor-element-populated\">\n\t\t\t\t\t\t<div class=\"elementor-element elementor-element-0bf0977 elementor-widget elementor-widget-heading\" data-id=\"0bf0977\" data-element_type=\"widget\" data-e-type=\"widget\" data-widget_type=\"heading.default\">\n\t\t\t\t<div class=\"elementor-widget-container\">\n\t\t\t\t\t<h2 class=\"elementor-heading-title elementor-size-default\"><h2 style=\"background-color:#121a53;color:#fff;text-align:center;padding: 0px;margin: 0;width:100%;font-size:28px\">\n Nuestra Historia\n<\/h2>\n<\/h2>\t\t\t\t<\/div>\n\t\t\t\t<\/div>\n\t\t\t\t<div class=\"elementor-element elementor-element-872951b elementor-widget elementor-widget-heading\" data-id=\"872951b\" data-element_type=\"widget\" data-e-type=\"widget\" data-widget_type=\"heading.default\">\n\t\t\t\t<div class=\"elementor-widget-container\">\n\t\t\t\t\t<h2 class=\"elementor-heading-title elementor-size-default\"><p>Panamagia Travels naci\u00f3 de una experiencia profunda como viajeros: comprendimos que viajar no es solo conocer lugares, sino crear memorias que transforman y permanecen para siempre. Fue entonces cuando descubrimos que el verdadero valor de un viaje reside en la conexi\u00f3n aut\u00e9ntica con la cultura, la naturaleza y las personas que dan vida a cada destino.<\/p>\n<p>Con ese prop\u00f3sito fundamos Panamagia Travels: ofrecer m\u00e1s que transporte o tours, brindar experiencias personalizadas y significativas que revelen la magia y la esencia \u00fanica de Panam\u00e1.<\/p>\n<p>Tambi\u00e9n entendimos que esta magia solo puede perdurar si cuidamos nuestro planeta. Por ello, en cada recorrido promovemos un turismo consciente y sostenible, que respete y apoye a las comunidades locales, proteja la biodiversidad y minimice el impacto ambiental.<\/p>\n<p>Hoy, Panamagia Travels es una invitaci\u00f3n a descubrir Panam\u00e1 con el coraz\u00f3n abierto, a viajar con respeto y a crear recuerdos que inspiren, transformen y perduren para toda la vida.<\/p><\/h2>\t\t\t\t<\/div>\n\t\t\t\t<\/div>\n\t\t\t\t\t<\/div>\n\t\t<\/div>\n\t\t\t\t\t<\/div>\n\t\t<\/section>\n\t\t<div class=\"elementor-element elementor-element-62a6129 e-grid e-con-full e-con e-parent\" data-id=\"62a6129\" data-element_type=\"container\" data-e-type=\"container\" data-settings=\"{&quot;shape_divider_top&quot;:&quot;mountains&quot;}\">\n\t\t\t\t<div class=\"elementor-shape elementor-shape-top\" aria-hidden=\"true\" data-negative=\"false\">\n\t\t\t<svg xmlns=\"http:\/\/www.w3.org\/2000\/svg\" viewbox=\"0 0 1000 100\" preserveaspectratio=\"none\">\n\t<path class=\"elementor-shape-fill\" opacity=\"0.33\" d=\"M473,67.3c-203.9,88.3-263.1-34-320.3,0C66,119.1,0,59.7,0,59.7V0h1000v59.7 c0,0-62.1,26.1-94.9,29.3c-32.8,3.3-62.8-12.3-75.8-22.1C806,49.6,745.3,8.7,694.9,4.7S492.4,59,473,67.3z\"\/>\n\t<path class=\"elementor-shape-fill\" opacity=\"0.66\" d=\"M734,67.3c-45.5,0-77.2-23.2-129.1-39.1c-28.6-8.7-150.3-10.1-254,39.1 s-91.7-34.4-149.2,0C115.7,118.3,0,39.8,0,39.8V0h1000v36.5c0,0-28.2-18.5-92.1-18.5C810.2,18.1,775.7,67.3,734,67.3z\"\/>\n\t<path class=\"elementor-shape-fill\" d=\"M766.1,28.9c-200-57.5-266,65.5-395.1,19.5C242,1.8,242,5.4,184.8,20.6C128,35.8,132.3,44.9,89.9,52.5C28.6,63.7,0,0,0,0 h1000c0,0-9.9,40.9-83.6,48.1S829.6,47,766.1,28.9z\"\/>\n<\/svg>\t\t<\/div>\n\t\t\t\t<div class=\"elementor-element elementor-element-6741bb3 elementor-widget elementor-widget-image\" data-id=\"6741bb3\" data-element_type=\"widget\" data-e-type=\"widget\" data-widget_type=\"image.default\">\n\t\t\t\t<div class=\"elementor-widget-container\">\n\t\t\t\t\t\t\t\t\t\t\t\t\t\t\t<img fetchpriority=\"high\" decoding=\"async\" width=\"1024\" height=\"1024\" src=\"https:\/\/panamagiatravels.com\/wp-content\/uploads\/2025\/11\/Cesar-Escritorio-1024x1024.jpg\" class=\"attachment-large size-large wp-image-18228\" alt=\"\" srcset=\"https:\/\/panamagiatravels.com\/wp-content\/uploads\/2025\/11\/Cesar-Escritorio-1024x1024.jpg 1024w, https:\/\/panamagiatravels.com\/wp-content\/uploads\/2025\/11\/Cesar-Escritorio-300x300.jpg 300w, https:\/\/panamagiatravels.com\/wp-content\/uploads\/2025\/11\/Cesar-Escritorio-150x150.jpg 150w, https:\/\/panamagiatravels.com\/wp-content\/uploads\/2025\/11\/Cesar-Escritorio-1536x1536.jpg 1536w, https:\/\/panamagiatravels.com\/wp-content\/uploads\/2025\/11\/Cesar-Escritorio-2048x2048.jpg 2048w\" sizes=\"(max-width: 1024px) 100vw, 1024px\" title=\"\">\t\t\t\t\t\t\t\t\t\t\t\t\t\t\t<\/div>\n\t\t\t\t<\/div>\n\t\t\t\t<div class=\"elementor-element elementor-element-bb45968 elementor-widget elementor-widget-image\" data-id=\"bb45968\" data-element_type=\"widget\" data-e-type=\"widget\" data-widget_type=\"image.default\">\n\t\t\t\t<div class=\"elementor-widget-container\">\n\t\t\t\t\t\t\t\t\t\t\t\t\t\t\t<img decoding=\"async\" width=\"1024\" height=\"1024\" src=\"https:\/\/panamagiatravels.com\/wp-content\/uploads\/2025\/11\/Diana-A-1024x1024.jpg\" class=\"attachment-large size-large wp-image-18230\" alt=\"\" srcset=\"https:\/\/panamagiatravels.com\/wp-content\/uploads\/2025\/11\/Diana-A-1024x1024.jpg 1024w, https:\/\/panamagiatravels.com\/wp-content\/uploads\/2025\/11\/Diana-A-300x300.jpg 300w, https:\/\/panamagiatravels.com\/wp-content\/uploads\/2025\/11\/Diana-A-150x150.jpg 150w, https:\/\/panamagiatravels.com\/wp-content\/uploads\/2025\/11\/Diana-A-1536x1536.jpg 1536w, https:\/\/panamagiatravels.com\/wp-content\/uploads\/2025\/11\/Diana-A-2048x2048.jpg 2048w\" sizes=\"(max-width: 1024px) 100vw, 1024px\" title=\"\">\t\t\t\t\t\t\t\t\t\t\t\t\t\t\t<\/div>\n\t\t\t\t<\/div>\n\t\t\t\t<div class=\"elementor-element elementor-element-a97e29d elementor-widget elementor-widget-image\" data-id=\"a97e29d\" data-element_type=\"widget\" data-e-type=\"widget\" data-widget_type=\"image.default\">\n\t\t\t\t<div class=\"elementor-widget-container\">\n\t\t\t\t\t\t\t\t\t\t\t\t\t\t\t<img decoding=\"async\" width=\"1024\" height=\"1024\" src=\"https:\/\/panamagiatravels.com\/wp-content\/uploads\/2025\/11\/Cesar-G-1024x1024.jpg\" class=\"attachment-large size-large wp-image-18229\" alt=\"\" srcset=\"https:\/\/panamagiatravels.com\/wp-content\/uploads\/2025\/11\/Cesar-G-1024x1024.jpg 1024w, https:\/\/panamagiatravels.com\/wp-content\/uploads\/2025\/11\/Cesar-G-300x300.jpg 300w, https:\/\/panamagiatravels.com\/wp-content\/uploads\/2025\/11\/Cesar-G-150x150.jpg 150w, https:\/\/panamagiatravels.com\/wp-content\/uploads\/2025\/11\/Cesar-G-1536x1536.jpg 1536w, https:\/\/panamagiatravels.com\/wp-content\/uploads\/2025\/11\/Cesar-G-2048x2048.jpg 2048w\" sizes=\"(max-width: 1024px) 100vw, 1024px\" title=\"\">\t\t\t\t\t\t\t\t\t\t\t\t\t\t\t<\/div>\n\t\t\t\t<\/div>\n\t\t\t\t<\/div>\n\t\t\t\t<section class=\"elementor-section elementor-top-section elementor-element elementor-element-8da2300 elementor-section-full_width elementor-section-height-default elementor-section-height-default\" data-id=\"8da2300\" data-element_type=\"section\" data-e-type=\"section\">\n\t\t\t\t\t\t<div class=\"elementor-container elementor-column-gap-default\">\n\t\t\t\t\t<div class=\"elementor-column elementor-col-100 elementor-top-column elementor-element elementor-element-3139af3\" data-id=\"3139af3\" data-element_type=\"column\" data-e-type=\"column\">\n\t\t\t<div class=\"elementor-widget-wrap elementor-element-populated\">\n\t\t\t\t\t\t<div class=\"elementor-element elementor-element-ff6a748 elementor-widget elementor-widget-heading\" data-id=\"ff6a748\" data-element_type=\"widget\" data-e-type=\"widget\" data-widget_type=\"heading.default\">\n\t\t\t\t<div class=\"elementor-widget-container\">\n\t\t\t\t\t<h2 class=\"elementor-heading-title elementor-size-default\"><h2 style=\"background-color:#121a53;color:#fff;text-align:center;padding: 0px;margin: 0;width:100%;font-size:28px\">\nNuestros Valores\n<\/h2><\/h2>\t\t\t\t<\/div>\n\t\t\t\t<\/div>\n\t\t\t\t\t<\/div>\n\t\t<\/div>\n\t\t\t\t\t<\/div>\n\t\t<\/section>\n\t\t<div class=\"elementor-element elementor-element-502e5e4 e-con-full e-flex e-con e-parent\" data-id=\"502e5e4\" data-element_type=\"container\" data-e-type=\"container\">\n\t\t\t\t<div class=\"elementor-element elementor-element-e9c3193 elementor-widget elementor-widget-eael-adv-tabs\" data-id=\"e9c3193\" data-element_type=\"widget\" data-e-type=\"widget\" data-widget_type=\"eael-adv-tabs.default\">\n\t\t\t\t<div class=\"elementor-widget-container\">\n\t\t\t\t\t        <div data-scroll-on-click=\"no\" data-scroll-speed=\"300\" id=\"eael-advance-tabs-e9c3193\" class=\"eael-advance-tabs eael-tabs-horizontal eael-tab-auto-active\" data-tabid=\"e9c3193\">\n            <div class=\"eael-tabs-nav\">\n                <ul class=\"\" role=\"tablist\">\n                                            <li id=\"trust\" class=\"inactive eael-tab-item-trigger eael-tab-nav-item\" aria-selected=\"true\" data-tab=\"1\" role=\"tab\" tabindex=\"0\" aria-controls=\"trust-tab\" aria-expanded=\"false\">\n                            \n                            \n                            \n                                                            <span class=\"eael-tab-title title-after-icon\" >Confianza<\/span>                                                    <\/li>\n                                            <li id=\"responsability\" class=\"inactive eael-tab-item-trigger eael-tab-nav-item\" aria-selected=\"false\" data-tab=\"2\" role=\"tab\" tabindex=\"-1\" aria-controls=\"responsability-tab\" aria-expanded=\"false\">\n                            \n                            \n                            \n                                                            <span class=\"eael-tab-title title-after-icon\" >Responsabilidad<\/span>                                                    <\/li>\n                                            <li id=\"warmth\" class=\"inactive eael-tab-item-trigger eael-tab-nav-item\" aria-selected=\"false\" data-tab=\"3\" role=\"tab\" tabindex=\"-1\" aria-controls=\"warmth-tab\" aria-expanded=\"false\">\n                            \n                            \n                            \n                                                            <span class=\"eael-tab-title title-after-icon\" >Calidez<\/span>                                                    <\/li>\n                                            <li id=\"excellence\" class=\"inactive eael-tab-item-trigger eael-tab-nav-item\" aria-selected=\"false\" data-tab=\"4\" role=\"tab\" tabindex=\"-1\" aria-controls=\"excellence-tab\" aria-expanded=\"false\">\n                            \n                            \n                            \n                                                            <span class=\"eael-tab-title title-after-icon\" >Excelencia<\/span>                                                    <\/li>\n                    \n                                  <\/ul>\n            <\/div>\n            \n            <div class=\"eael-tabs-content\">\n\t\t        \n                    <div id=\"trust-tab\" class=\"clearfix eael-tab-content-item inactive\" data-title-link=\"trust-tab\">\n\t\t\t\t        <p style=\"text-align: justify\">Generamos seguridad en cada trayecto, cumpliendo lo que prometemos.<\/p>                    <\/div>\n\t\t        \n                    <div id=\"responsability-tab\" class=\"clearfix eael-tab-content-item inactive\" data-title-link=\"responsability-tab\">\n\t\t\t\t        <p style=\"text-align: justify\">Actuamos con compromiso social, ambiental y \u00e9tico.<\/p>                    <\/div>\n\t\t        \n                    <div id=\"warmth-tab\" class=\"clearfix eael-tab-content-item inactive\" data-title-link=\"warmth-tab\">\n\t\t\t\t        <p style=\"text-align: justify\">Atendemos con amabilidad, respeto y cercan\u00eda humana a cada viajero.<\/p>                    <\/div>\n\t\t        \n                    <div id=\"excellence-tab\" class=\"clearfix eael-tab-content-item inactive\" data-title-link=\"excellence-tab\">\n\t\t\t\t        <p style=\"text-align: justify\">Nos retamos a mejorar, escuchar y superar expectativas.<\/p>                    <\/div>\n\t\t                    <\/div>\n        <\/div>\n\t\t\t\t<\/div>\n\t\t\t\t<\/div>\n\t\t\t\t<\/div>\n\t\t\t\t<\/div>","protected":false},"excerpt":{"rendered":"<p>&nbsp; About the Company Who we are? Panamagia Travels is a Panamanian company offering sustainable tourism experiences, specializing in private transportation and personalized tours that connect travelers with the authentic essence of Panama. We combine the comfort of private transfers with the design of unique cultural and natural itineraries, crafted for those who want to [&hellip;]<\/p>\n","protected":false},"author":1,"featured_media":18036,"parent":0,"menu_order":0,"comment_status":"closed","ping_status":"closed","template":"","meta":{"footnotes":""},"class_list":["post-807","page","type-page","status-publish","has-post-thumbnail","hentry"],"_hostinger_reach_plugin_has_subscription_block":false,"_hostinger_reach_plugin_is_elementor":false,"_links":{"self":[{"href":"https:\/\/panamagiatravels.com\/es\/wp-json\/wp\/v2\/pages\/807","targetHints":{"allow":["GET"]}}],"collection":[{"href":"https:\/\/panamagiatravels.com\/es\/wp-json\/wp\/v2\/pages"}],"about":[{"href":"https:\/\/panamagiatravels.com\/es\/wp-json\/wp\/v2\/types\/page"}],"author":[{"embeddable":true,"href":"https:\/\/panamagiatravels.com\/es\/wp-json\/wp\/v2\/users\/1"}],"replies":[{"embeddable":true,"href":"https:\/\/panamagiatravels.com\/es\/wp-json\/wp\/v2\/comments?post=807"}],"version-history":[{"count":215,"href":"https:\/\/panamagiatravels.com\/es\/wp-json\/wp\/v2\/pages\/807\/revisions"}],"predecessor-version":[{"id":18828,"href":"https:\/\/panamagiatravels.com\/es\/wp-json\/wp\/v2\/pages\/807\/revisions\/18828"}],"wp:featuredmedia":[{"embeddable":true,"href":"https:\/\/panamagiatravels.com\/es\/wp-json\/wp\/v2\/media\/18036"}],"wp:attachment":[{"href":"https:\/\/panamagiatravels.com\/es\/wp-json\/wp\/v2\/media?parent=807"}],"curies":[{"name":"wp","href":"https:\/\/api.w.org\/{rel}","templated":true}]}}