{"id":14527,"date":"2025-07-07T23:56:23","date_gmt":"2025-07-07T21:56:23","guid":{"rendered":"https:\/\/panamagiatravels.com\/?page_id=14527"},"modified":"2025-12-02T23:55:01","modified_gmt":"2025-12-02T21:55:01","slug":"terms-service","status":"publish","type":"page","link":"https:\/\/panamagiatravels.com\/fr\/terms-service\/","title":{"rendered":"Conditions d'utilisation"},"content":{"rendered":"<div data-elementor-type=\"wp-page\" data-elementor-id=\"14527\" class=\"elementor elementor-14527\">\n\t\t\t\t<div class=\"elementor-element elementor-element-de89759 e-con-full e-flex e-con e-parent\" data-id=\"de89759\" data-element_type=\"container\" data-e-type=\"container\">\n\t\t\t\t<div class=\"elementor-element elementor-element-14f2309 elementor-widget elementor-widget-heading\" data-id=\"14f2309\" data-element_type=\"widget\" data-e-type=\"widget\" data-widget_type=\"heading.default\">\n\t\t\t\t<div class=\"elementor-widget-container\">\n\t\t\t\t\t<h2 class=\"elementor-heading-title elementor-size-default\"><h2 style=\"background-color:#121a53;color:#fff;text-align:center;padding: 7px;margin: 0;width:100%\">\nConditions de Service \u2013 Panamagia Travels\n<\/h2><\/h2>\t\t\t\t<\/div>\n\t\t\t\t<\/div>\n\t\t\t\t<\/div>\n\t\t\t\t<section class=\"elementor-section elementor-top-section elementor-element elementor-element-1ad183e9 elementor-section-content-middle elementor-section-boxed elementor-section-height-default elementor-section-height-default\" data-id=\"1ad183e9\" data-element_type=\"section\" data-e-type=\"section\" data-settings=\"{&quot;background_background&quot;:&quot;classic&quot;}\">\n\t\t\t\t\t\t\t<div class=\"elementor-background-overlay\"><\/div>\n\t\t\t\t\t\t\t<div class=\"elementor-container elementor-column-gap-no\">\n\t\t\t\t\t<div class=\"elementor-column elementor-col-50 elementor-top-column elementor-element elementor-element-526d4c4d privacy-box\" data-id=\"526d4c4d\" data-element_type=\"column\" data-e-type=\"column\">\n\t\t\t<div class=\"elementor-widget-wrap elementor-element-populated\">\n\t\t\t\t\t\t<div class=\"elementor-element elementor-element-3bf4bdbd privacy-title elementor-widget elementor-widget-heading\" data-id=\"3bf4bdbd\" data-element_type=\"widget\" data-e-type=\"widget\" data-widget_type=\"heading.default\">\n\t\t\t\t<div class=\"elementor-widget-container\">\n\t\t\t\t\t<h3 class=\"elementor-heading-title elementor-size-default\"> Acceptation des Conditions\n<\/h3>\t\t\t\t<\/div>\n\t\t\t\t<\/div>\n\t\t\t\t<div class=\"elementor-element elementor-element-22116f39 elementor-widget elementor-widget-text-editor\" data-id=\"22116f39\" data-element_type=\"widget\" data-e-type=\"widget\" data-widget_type=\"text-editor.default\">\n\t\t\t\t<div class=\"elementor-widget-container\">\n\t\t\t\t\t\t\t\t\t<span style=\"font-weight: 500;\">En r\u00e9servant avec Panamagia Travels, le client accepte les tarifs, les services inclus et les conditions d\u2019annulation d\u00e9crits dans l\u2019itin\u00e9raire correspondant.<\/span>\t\t\t\t\t\t\t\t<\/div>\n\t\t\t\t<\/div>\n\t\t\t\t<div class=\"elementor-element elementor-element-6544f1e8 elementor-widget-divider--view-line elementor-widget elementor-widget-divider\" data-id=\"6544f1e8\" data-element_type=\"widget\" data-e-type=\"widget\" data-widget_type=\"divider.default\">\n\t\t\t\t<div class=\"elementor-widget-container\">\n\t\t\t\t\t\t\t<div class=\"elementor-divider\">\n\t\t\t<span class=\"elementor-divider-separator\">\n\t\t\t\t\t\t<\/span>\n\t\t<\/div>\n\t\t\t\t\t\t<\/div>\n\t\t\t\t<\/div>\n\t\t\t\t\t<\/div>\n\t\t<\/div>\n\t\t\t\t<div class=\"elementor-column elementor-col-50 elementor-top-column elementor-element elementor-element-11c6b636 privacy-box\" data-id=\"11c6b636\" data-element_type=\"column\" data-e-type=\"column\">\n\t\t\t<div class=\"elementor-widget-wrap elementor-element-populated\">\n\t\t\t\t\t\t<div class=\"elementor-element elementor-element-1cf4aafb privacy-title elementor-widget elementor-widget-heading\" data-id=\"1cf4aafb\" data-element_type=\"widget\" data-e-type=\"widget\" data-widget_type=\"heading.default\">\n\t\t\t\t<div class=\"elementor-widget-container\">\n\t\t\t\t\t<h3 class=\"elementor-heading-title elementor-size-default\">Paiements\n<\/h3>\t\t\t\t<\/div>\n\t\t\t\t<\/div>\n\t\t\t\t<div class=\"elementor-element elementor-element-fc966b0 elementor-widget elementor-widget-text-editor\" data-id=\"fc966b0\" data-element_type=\"widget\" data-e-type=\"widget\" data-widget_type=\"text-editor.default\">\n\t\t\t\t<div class=\"elementor-widget-container\">\n\t\t\t\t\t\t\t\t\t<span style=\"font-weight: 500;\">Le paiement total doit \u00eatre effectu\u00e9 avant le d\u00e9but du circuit, sauf accord sp\u00e9cial \u00e9crit.<\/span><span style=\"font-weight: 500;\">\n<\/span><span style=\"font-weight: 500;\">Modes de paiement accept\u00e9s: carte de cr\u00e9dit\/d\u00e9bit, virement bancaire, esp\u00e8ces ou autres moyens autoris\u00e9s par Panamagia Travels.<\/span>\n\n<span style=\"font-weight: 500;\">Tous les paiements sont trait\u00e9s de mani\u00e8re s\u00e9curis\u00e9e, dans le respect de la vie priv\u00e9e et de la protection des donn\u00e9es des clients.<\/span>\t\t\t\t\t\t\t\t<\/div>\n\t\t\t\t<\/div>\n\t\t\t\t<div class=\"elementor-element elementor-element-1e8c2d05 elementor-widget-divider--view-line elementor-widget elementor-widget-divider\" data-id=\"1e8c2d05\" data-element_type=\"widget\" data-e-type=\"widget\" data-widget_type=\"divider.default\">\n\t\t\t\t<div class=\"elementor-widget-container\">\n\t\t\t\t\t\t\t<div class=\"elementor-divider\">\n\t\t\t<span class=\"elementor-divider-separator\">\n\t\t\t\t\t\t<\/span>\n\t\t<\/div>\n\t\t\t\t\t\t<\/div>\n\t\t\t\t<\/div>\n\t\t\t\t\t<\/div>\n\t\t<\/div>\n\t\t\t\t\t<\/div>\n\t\t<\/section>\n\t\t\t\t<section class=\"elementor-section elementor-top-section elementor-element elementor-element-dce72d9 elementor-section-content-middle elementor-section-boxed elementor-section-height-default elementor-section-height-default\" data-id=\"dce72d9\" data-element_type=\"section\" data-e-type=\"section\" data-settings=\"{&quot;background_background&quot;:&quot;classic&quot;}\">\n\t\t\t\t\t\t\t<div class=\"elementor-background-overlay\"><\/div>\n\t\t\t\t\t\t\t<div class=\"elementor-container elementor-column-gap-no\">\n\t\t\t\t\t<div class=\"elementor-column elementor-col-50 elementor-top-column elementor-element elementor-element-51d6f9d privacy-box\" data-id=\"51d6f9d\" data-element_type=\"column\" data-e-type=\"column\">\n\t\t\t<div class=\"elementor-widget-wrap elementor-element-populated\">\n\t\t\t\t\t\t<div class=\"elementor-element elementor-element-39c3c36 privacy-title elementor-widget elementor-widget-heading\" data-id=\"39c3c36\" data-element_type=\"widget\" data-e-type=\"widget\" data-widget_type=\"heading.default\">\n\t\t\t\t<div class=\"elementor-widget-container\">\n\t\t\t\t\t<h3 class=\"elementor-heading-title elementor-size-default\">Annulations et Modifications\n<\/h3>\t\t\t\t<\/div>\n\t\t\t\t<\/div>\n\t\t\t\t<div class=\"elementor-element elementor-element-2fca5a8 elementor-widget elementor-widget-text-editor\" data-id=\"2fca5a8\" data-element_type=\"widget\" data-e-type=\"widget\" data-widget_type=\"text-editor.default\">\n\t\t\t\t<div class=\"elementor-widget-container\">\n\t\t\t\t\t\t\t\t\t<span style=\"font-weight: 500;\">Nous nous r\u00e9servons le droit de modifier ou d\u2019annuler les circuits en raison de conditions m\u00e9t\u00e9orologiques, de s\u00e9curit\u00e9, de force majeure ou de toute circonstance ind\u00e9pendante de notre volont\u00e9.<\/span>\n\n<span style=\"font-weight: 500;\">En cas d\u2019annulation par le client, les conditions de remboursement d\u00e9crites dans l\u2019itin\u00e9raire de chaque circuit s\u2019appliqueront.<\/span>\t\t\t\t\t\t\t\t<\/div>\n\t\t\t\t<\/div>\n\t\t\t\t<div class=\"elementor-element elementor-element-29a5a67 elementor-widget-divider--view-line elementor-widget elementor-widget-divider\" data-id=\"29a5a67\" data-element_type=\"widget\" data-e-type=\"widget\" data-widget_type=\"divider.default\">\n\t\t\t\t<div class=\"elementor-widget-container\">\n\t\t\t\t\t\t\t<div class=\"elementor-divider\">\n\t\t\t<span class=\"elementor-divider-separator\">\n\t\t\t\t\t\t<\/span>\n\t\t<\/div>\n\t\t\t\t\t\t<\/div>\n\t\t\t\t<\/div>\n\t\t\t\t\t<\/div>\n\t\t<\/div>\n\t\t\t\t<div class=\"elementor-column elementor-col-50 elementor-top-column elementor-element elementor-element-7e2c98f privacy-box\" data-id=\"7e2c98f\" data-element_type=\"column\" data-e-type=\"column\">\n\t\t\t<div class=\"elementor-widget-wrap elementor-element-populated\">\n\t\t\t\t\t\t<div class=\"elementor-element elementor-element-3cec00d privacy-title elementor-widget elementor-widget-heading\" data-id=\"3cec00d\" data-element_type=\"widget\" data-e-type=\"widget\" data-widget_type=\"heading.default\">\n\t\t\t\t<div class=\"elementor-widget-container\">\n\t\t\t\t\t<h3 class=\"elementor-heading-title elementor-size-default\">Responsabilit\u00e9 du Client\n<\/h3>\t\t\t\t<\/div>\n\t\t\t\t<\/div>\n\t\t\t\t<div class=\"elementor-element elementor-element-91a059a elementor-widget elementor-widget-text-editor\" data-id=\"91a059a\" data-element_type=\"widget\" data-e-type=\"widget\" data-widget_type=\"text-editor.default\">\n\t\t\t\t<div class=\"elementor-widget-container\">\n\t\t\t\t\t\t\t\t\t<span style=\"font-weight: 500;\">L\u2019entreprise n\u2019est pas responsable des pertes, dommages ou disparitions d\u2019effets personnels pendant les circuits.<\/span>\n\n<span style=\"font-weight: 500;\">Le client est responsable du respect des horaires et des r\u00e8gles \u00e9tablis par Panamagia Travels et les prestataires associ\u00e9s.<\/span>\t\t\t\t\t\t\t\t<\/div>\n\t\t\t\t<\/div>\n\t\t\t\t<div class=\"elementor-element elementor-element-346d4d3 elementor-widget-divider--view-line elementor-widget elementor-widget-divider\" data-id=\"346d4d3\" data-element_type=\"widget\" data-e-type=\"widget\" data-widget_type=\"divider.default\">\n\t\t\t\t<div class=\"elementor-widget-container\">\n\t\t\t\t\t\t\t<div class=\"elementor-divider\">\n\t\t\t<span class=\"elementor-divider-separator\">\n\t\t\t\t\t\t<\/span>\n\t\t<\/div>\n\t\t\t\t\t\t<\/div>\n\t\t\t\t<\/div>\n\t\t\t\t\t<\/div>\n\t\t<\/div>\n\t\t\t\t\t<\/div>\n\t\t<\/section>\n\t\t\t\t<section class=\"elementor-section elementor-top-section elementor-element elementor-element-7732adf elementor-section-content-middle elementor-section-boxed elementor-section-height-default elementor-section-height-default\" data-id=\"7732adf\" data-element_type=\"section\" data-e-type=\"section\" data-settings=\"{&quot;background_background&quot;:&quot;classic&quot;}\">\n\t\t\t\t\t\t\t<div class=\"elementor-background-overlay\"><\/div>\n\t\t\t\t\t\t\t<div class=\"elementor-container elementor-column-gap-no\">\n\t\t\t\t\t<div class=\"elementor-column elementor-col-50 elementor-top-column elementor-element elementor-element-252d61b privacy-box\" data-id=\"252d61b\" data-element_type=\"column\" data-e-type=\"column\">\n\t\t\t<div class=\"elementor-widget-wrap elementor-element-populated\">\n\t\t\t\t\t\t<div class=\"elementor-element elementor-element-738ac04 privacy-title elementor-widget elementor-widget-heading\" data-id=\"738ac04\" data-element_type=\"widget\" data-e-type=\"widget\" data-widget_type=\"heading.default\">\n\t\t\t\t<div class=\"elementor-widget-container\">\n\t\t\t\t\t<h3 class=\"elementor-heading-title elementor-size-default\">Modification des Conditions\n<\/h3>\t\t\t\t<\/div>\n\t\t\t\t<\/div>\n\t\t\t\t<div class=\"elementor-element elementor-element-865cafa elementor-widget elementor-widget-text-editor\" data-id=\"865cafa\" data-element_type=\"widget\" data-e-type=\"widget\" data-widget_type=\"text-editor.default\">\n\t\t\t\t<div class=\"elementor-widget-container\">\n\t\t\t\t\t\t\t\t\t<p><span style=\"font-weight: 500;\">Panamagia Travels se r\u00e9serve le droit de mettre \u00e0 jour ces Conditions de Service \u00e0 tout moment.<\/span><span style=\"font-weight: 500;\"><br \/><\/span><span style=\"font-weight: 500;\">Les modifications s\u2019appliqueront aux r\u00e9servations effectu\u00e9es apr\u00e8s leur publication.<\/span><\/p>\t\t\t\t\t\t\t\t<\/div>\n\t\t\t\t<\/div>\n\t\t\t\t\t<\/div>\n\t\t<\/div>\n\t\t\t\t<div class=\"elementor-column elementor-col-50 elementor-top-column elementor-element elementor-element-f64d53d\" data-id=\"f64d53d\" data-element_type=\"column\" data-e-type=\"column\">\n\t\t\t<div class=\"elementor-widget-wrap elementor-element-populated\">\n\t\t\t\t\t\t\t<\/div>\n\t\t<\/div>\n\t\t\t\t\t<\/div>\n\t\t<\/section>\n\t\t\t\t<\/div>","protected":false},"excerpt":{"rendered":"<p>Terms of Service \u2013 Panamagia Travels Acceptance of Terms By booking with Panamagia Travels, the client agrees to the prices, included services, and cancellation conditions described in the corresponding itinerary. Payments Full payment must be completed before the start of the tour, unless otherwise agreed in writing. Accepted payment methods: credit\/debit card, bank transfer, cash, [&hellip;]<\/p>\n","protected":false},"author":1,"featured_media":17958,"parent":0,"menu_order":0,"comment_status":"closed","ping_status":"closed","template":"","meta":{"footnotes":""},"class_list":["post-14527","page","type-page","status-publish","has-post-thumbnail","hentry"],"_hostinger_reach_plugin_has_subscription_block":false,"_hostinger_reach_plugin_is_elementor":false,"_links":{"self":[{"href":"https:\/\/panamagiatravels.com\/fr\/wp-json\/wp\/v2\/pages\/14527","targetHints":{"allow":["GET"]}}],"collection":[{"href":"https:\/\/panamagiatravels.com\/fr\/wp-json\/wp\/v2\/pages"}],"about":[{"href":"https:\/\/panamagiatravels.com\/fr\/wp-json\/wp\/v2\/types\/page"}],"author":[{"embeddable":true,"href":"https:\/\/panamagiatravels.com\/fr\/wp-json\/wp\/v2\/users\/1"}],"replies":[{"embeddable":true,"href":"https:\/\/panamagiatravels.com\/fr\/wp-json\/wp\/v2\/comments?post=14527"}],"version-history":[{"count":36,"href":"https:\/\/panamagiatravels.com\/fr\/wp-json\/wp\/v2\/pages\/14527\/revisions"}],"predecessor-version":[{"id":18578,"href":"https:\/\/panamagiatravels.com\/fr\/wp-json\/wp\/v2\/pages\/14527\/revisions\/18578"}],"wp:featuredmedia":[{"embeddable":true,"href":"https:\/\/panamagiatravels.com\/fr\/wp-json\/wp\/v2\/media\/17958"}],"wp:attachment":[{"href":"https:\/\/panamagiatravels.com\/fr\/wp-json\/wp\/v2\/media?parent=14527"}],"curies":[{"name":"wp","href":"https:\/\/api.w.org\/{rel}","templated":true}]}}