{"id":3,"date":"2022-04-01T08:50:15","date_gmt":"2022-04-01T08:50:15","guid":{"rendered":"https:\/\/modtel.wpengine.com\/?page_id=3"},"modified":"2025-12-03T00:12:20","modified_gmt":"2025-12-02T22:12:20","slug":"privacy-policy","status":"publish","type":"page","link":"https:\/\/panamagiatravels.com\/fr\/privacy-policy\/","title":{"rendered":"Politique de Confidentialit\u00e9"},"content":{"rendered":"<div data-elementor-type=\"wp-page\" data-elementor-id=\"3\" class=\"elementor elementor-3\">\n\t\t\t\t<div class=\"elementor-element elementor-element-f75eafe e-flex e-con-boxed e-con e-parent\" data-id=\"f75eafe\" data-element_type=\"container\" data-e-type=\"container\">\n\t\t\t\t\t<div class=\"e-con-inner\">\n\t\t\t\t<div class=\"elementor-element elementor-element-c380253 elementor-widget elementor-widget-heading\" data-id=\"c380253\" data-element_type=\"widget\" data-e-type=\"widget\" data-widget_type=\"heading.default\">\n\t\t\t\t<div class=\"elementor-widget-container\">\n\t\t\t\t\t<h2 class=\"elementor-heading-title elementor-size-default\"><h2 style=\"background-color:#121a53;color:#fff;text-align:center;padding: 7px;margin: 0;width:100%\">\n  Politique de Confidentialit\u00e9\n<\/h2><\/h2>\t\t\t\t<\/div>\n\t\t\t\t<\/div>\n\t\t\t\t\t<\/div>\n\t\t\t\t<\/div>\n\t\t\t\t<section class=\"elementor-section elementor-top-section elementor-element elementor-element-bce203c elementor-section-content-middle elementor-section-boxed elementor-section-height-default elementor-section-height-default\" data-id=\"bce203c\" data-element_type=\"section\" data-e-type=\"section\" data-settings=\"{&quot;background_background&quot;:&quot;classic&quot;}\">\n\t\t\t\t\t\t\t<div class=\"elementor-background-overlay\"><\/div>\n\t\t\t\t\t\t\t<div class=\"elementor-container elementor-column-gap-no\">\n\t\t\t\t\t<div class=\"elementor-column elementor-col-50 elementor-top-column elementor-element elementor-element-59924df privacy-box\" data-id=\"59924df\" data-element_type=\"column\" data-e-type=\"column\">\n\t\t\t<div class=\"elementor-widget-wrap elementor-element-populated\">\n\t\t\t\t\t\t<div class=\"elementor-element elementor-element-54a7b96 privacy-title elementor-widget elementor-widget-heading\" data-id=\"54a7b96\" data-element_type=\"widget\" data-e-type=\"widget\" data-widget_type=\"heading.default\">\n\t\t\t\t<div class=\"elementor-widget-container\">\n\t\t\t\t\t<h3 class=\"elementor-heading-title elementor-size-default\">Informations G\u00e9n\u00e9rales\n\n\n<\/h3>\t\t\t\t<\/div>\n\t\t\t\t<\/div>\n\t\t\t\t<div class=\"elementor-element elementor-element-e6778fd elementor-widget elementor-widget-text-editor\" data-id=\"e6778fd\" data-element_type=\"widget\" data-e-type=\"widget\" data-widget_type=\"text-editor.default\">\n\t\t\t\t<div class=\"elementor-widget-container\">\n\t\t\t\t\t\t\t\t\t<span style=\"font-weight: 500;\">Panamagia Travels est une entreprise de transport et de tourisme enregistr\u00e9e et r\u00e9glement\u00e9e selon les lois de la R\u00e9publique du Panama. Elle est d\u00e9di\u00e9e \u00e0 offrir des exp\u00e9riences authentiques et durables aux touristes nationaux et \u00e9trangers.<\/span>\n\n<span style=\"font-weight: 500;\">La pr\u00e9sente Politique de Confidentialit\u00e9 explique comment nous recueillons, utilisons, prot\u00e9geons et partageons les informations personnelles de nos clients,<\/span><span style=\"font-weight: 400;\">\u2019<\/span><span style=\"font-weight: 500;\"> conform\u00e9ment \u00e0 la Loi 81 de 2019 sur la Protection des Donn\u00e9es Personnelles de la R\u00e9publique du Panama.<\/span>\t\t\t\t\t\t\t\t<\/div>\n\t\t\t\t<\/div>\n\t\t\t\t<div class=\"elementor-element elementor-element-32d55f0 elementor-widget-divider--view-line elementor-widget elementor-widget-divider\" data-id=\"32d55f0\" data-element_type=\"widget\" data-e-type=\"widget\" data-widget_type=\"divider.default\">\n\t\t\t\t<div class=\"elementor-widget-container\">\n\t\t\t\t\t\t\t<div class=\"elementor-divider\">\n\t\t\t<span class=\"elementor-divider-separator\">\n\t\t\t\t\t\t<\/span>\n\t\t<\/div>\n\t\t\t\t\t\t<\/div>\n\t\t\t\t<\/div>\n\t\t\t\t\t<\/div>\n\t\t<\/div>\n\t\t\t\t<div class=\"elementor-column elementor-col-50 elementor-top-column elementor-element elementor-element-9f99be9 privacy-box\" data-id=\"9f99be9\" data-element_type=\"column\" data-e-type=\"column\">\n\t\t\t<div class=\"elementor-widget-wrap elementor-element-populated\">\n\t\t\t\t\t\t<div class=\"elementor-element elementor-element-4b3731c privacy-title elementor-widget elementor-widget-heading\" data-id=\"4b3731c\" data-element_type=\"widget\" data-e-type=\"widget\" data-widget_type=\"heading.default\">\n\t\t\t\t<div class=\"elementor-widget-container\">\n\t\t\t\t\t<h3 class=\"elementor-heading-title elementor-size-default\">Informations que Nous Recueillons\n\n\n<\/h3>\t\t\t\t<\/div>\n\t\t\t\t<\/div>\n\t\t\t\t<div class=\"elementor-element elementor-element-c325462 elementor-widget elementor-widget-text-editor\" data-id=\"c325462\" data-element_type=\"widget\" data-e-type=\"widget\" data-widget_type=\"text-editor.default\">\n\t\t\t\t<div class=\"elementor-widget-container\">\n\t\t\t\t\t\t\t\t\t<p><span style=\"font-weight: 500;\">Nous pouvons recueillir les informations suivantes aupr\u00e8s de nos clients:<\/span><\/p><ul><li style=\"font-weight: 500;\" aria-level=\"1\"><span style=\"font-weight: 500;\">Nom complet<\/span><\/li><li style=\"font-weight: 500;\" aria-level=\"1\"><span style=\"font-weight: 500;\">Adresse e-mail<\/span><\/li><li style=\"font-weight: 500;\" aria-level=\"1\"><span style=\"font-weight: 500;\">Num\u00e9ro de t\u00e9l\u00e9phone ou WhatsApp<\/span><\/li><li style=\"font-weight: 500;\" aria-level=\"1\"><span style=\"font-weight: 500;\">Nationalit\u00e9<\/span><\/li><li style=\"font-weight: 500;\" aria-level=\"1\"><span style=\"font-weight: 500;\">Pr\u00e9f\u00e9rences de voyage ou alimentaires (si fournies volontairement)<\/span><\/li><li style=\"font-weight: 500;\" aria-level=\"1\">Informations de paiement (pour les r\u00e9servations ou la facturation).<\/li><\/ul>\t\t\t\t\t\t\t\t<\/div>\n\t\t\t\t<\/div>\n\t\t\t\t<div class=\"elementor-element elementor-element-b46a087 elementor-widget-divider--view-line elementor-widget elementor-widget-divider\" data-id=\"b46a087\" data-element_type=\"widget\" data-e-type=\"widget\" data-widget_type=\"divider.default\">\n\t\t\t\t<div class=\"elementor-widget-container\">\n\t\t\t\t\t\t\t<div class=\"elementor-divider\">\n\t\t\t<span class=\"elementor-divider-separator\">\n\t\t\t\t\t\t<\/span>\n\t\t<\/div>\n\t\t\t\t\t\t<\/div>\n\t\t\t\t<\/div>\n\t\t\t\t\t<\/div>\n\t\t<\/div>\n\t\t\t\t\t<\/div>\n\t\t<\/section>\n\t\t\t\t<section class=\"elementor-section elementor-top-section elementor-element elementor-element-2e3387a elementor-section-content-middle elementor-section-boxed elementor-section-height-default elementor-section-height-default\" data-id=\"2e3387a\" data-element_type=\"section\" data-e-type=\"section\" data-settings=\"{&quot;background_background&quot;:&quot;classic&quot;}\">\n\t\t\t\t\t\t\t<div class=\"elementor-background-overlay\"><\/div>\n\t\t\t\t\t\t\t<div class=\"elementor-container elementor-column-gap-no\">\n\t\t\t\t\t<div class=\"elementor-column elementor-col-50 elementor-top-column elementor-element elementor-element-632ea4f privacy-box\" data-id=\"632ea4f\" data-element_type=\"column\" data-e-type=\"column\">\n\t\t\t<div class=\"elementor-widget-wrap elementor-element-populated\">\n\t\t\t\t\t\t<div class=\"elementor-element elementor-element-4329e81 privacy-title elementor-widget elementor-widget-heading\" data-id=\"4329e81\" data-element_type=\"widget\" data-e-type=\"widget\" data-widget_type=\"heading.default\">\n\t\t\t\t<div class=\"elementor-widget-container\">\n\t\t\t\t\t<h3 class=\"elementor-heading-title elementor-size-default\">Utilisation des Informations\n<\/h3>\t\t\t\t<\/div>\n\t\t\t\t<\/div>\n\t\t\t\t<div class=\"elementor-element elementor-element-aee37b1 elementor-widget elementor-widget-text-editor\" data-id=\"aee37b1\" data-element_type=\"widget\" data-e-type=\"widget\" data-widget_type=\"text-editor.default\">\n\t\t\t\t<div class=\"elementor-widget-container\">\n\t\t\t\t\t\t\t\t\t<span style=\"font-weight: 500;\">Nous utilisons les informations personnelles uniquement pour:<\/span>\n<ul>\n \t<li style=\"font-weight: 500;\" aria-level=\"1\"><span style=\"font-weight: 500;\">Traiter les r\u00e9servations et les demandes de service<\/span><\/li>\n \t<li style=\"font-weight: 500;\" aria-level=\"1\"><span style=\"font-weight: 500;\">Contacter les clients \u00e0 des fins d\u2019information ou de confirmation<\/span><\/li>\n \t<li style=\"font-weight: 500;\" aria-level=\"1\"><span style=\"font-weight: 500;\">Personnaliser l\u2019exp\u00e9rience de voyage<\/span><\/li>\n \t<li style=\"font-weight: 500;\" aria-level=\"1\"><span style=\"font-weight: 500;\">Envoyer des communications promotionnelles ou informatives (avec consentement pr\u00e9alable).<\/span><\/li>\n<\/ul>\t\t\t\t\t\t\t\t<\/div>\n\t\t\t\t<\/div>\n\t\t\t\t<div class=\"elementor-element elementor-element-22311ad elementor-widget-divider--view-line elementor-widget elementor-widget-divider\" data-id=\"22311ad\" data-element_type=\"widget\" data-e-type=\"widget\" data-widget_type=\"divider.default\">\n\t\t\t\t<div class=\"elementor-widget-container\">\n\t\t\t\t\t\t\t<div class=\"elementor-divider\">\n\t\t\t<span class=\"elementor-divider-separator\">\n\t\t\t\t\t\t<\/span>\n\t\t<\/div>\n\t\t\t\t\t\t<\/div>\n\t\t\t\t<\/div>\n\t\t\t\t\t<\/div>\n\t\t<\/div>\n\t\t\t\t<div class=\"elementor-column elementor-col-50 elementor-top-column elementor-element elementor-element-4cfdb34 privacy-box\" data-id=\"4cfdb34\" data-element_type=\"column\" data-e-type=\"column\">\n\t\t\t<div class=\"elementor-widget-wrap elementor-element-populated\">\n\t\t\t\t\t\t<div class=\"elementor-element elementor-element-b9d42eb privacy-title elementor-widget elementor-widget-heading\" data-id=\"b9d42eb\" data-element_type=\"widget\" data-e-type=\"widget\" data-widget_type=\"heading.default\">\n\t\t\t\t<div class=\"elementor-widget-container\">\n\t\t\t\t\t<h3 class=\"elementor-heading-title elementor-size-default\">Paiement et Transactions\n<\/h3>\t\t\t\t<\/div>\n\t\t\t\t<\/div>\n\t\t\t\t<div class=\"elementor-element elementor-element-eae1703 elementor-widget elementor-widget-text-editor\" data-id=\"eae1703\" data-element_type=\"widget\" data-e-type=\"widget\" data-widget_type=\"text-editor.default\">\n\t\t\t\t<div class=\"elementor-widget-container\">\n\t\t\t\t\t\t\t\t\t<span style=\"font-weight: 500;\">Il est entendu et accept\u00e9 que toutes les informations de paiement fournies par les clients (telles que les donn\u00e9es de carte, les virements ou autres moyens de paiement) sont trait\u00e9es via des plateformes s\u00e9curis\u00e9es et certifi\u00e9es, conformes aux normes internationales de protection des donn\u00e9es.<\/span>\n\n<span style=\"font-weight: 500;\">Panamagia Travels ne conserve pas directement les informations compl\u00e8tes des cartes de cr\u00e9dit ou de d\u00e9bit.<\/span><span style=\"font-weight: 500;\">\n<\/span><span style=\"font-weight: 500;\"> Les re\u00e7us ou factures \u00e9mis ne contiendront que les donn\u00e9es strictement n\u00e9cessaires \u00e0 des fins comptables et de conformit\u00e9 l\u00e9gale.<\/span>\n\n<span style=\"font-weight: 500;\">Dans le cas de paiements par virement ou en esp\u00e8ces, les donn\u00e9es utilis\u00e9es (nom, montant, num\u00e9ro de re\u00e7u) seront employ\u00e9es uniquement pour valider la r\u00e9servation et \u00e0 des fins comptables internes.<\/span>\t\t\t\t\t\t\t\t<\/div>\n\t\t\t\t<\/div>\n\t\t\t\t<div class=\"elementor-element elementor-element-70e9d52 elementor-widget-divider--view-line elementor-widget elementor-widget-divider\" data-id=\"70e9d52\" data-element_type=\"widget\" data-e-type=\"widget\" data-widget_type=\"divider.default\">\n\t\t\t\t<div class=\"elementor-widget-container\">\n\t\t\t\t\t\t\t<div class=\"elementor-divider\">\n\t\t\t<span class=\"elementor-divider-separator\">\n\t\t\t\t\t\t<\/span>\n\t\t<\/div>\n\t\t\t\t\t\t<\/div>\n\t\t\t\t<\/div>\n\t\t\t\t\t<\/div>\n\t\t<\/div>\n\t\t\t\t\t<\/div>\n\t\t<\/section>\n\t\t\t\t<section class=\"elementor-section elementor-top-section elementor-element elementor-element-3623f5e elementor-section-content-middle elementor-section-boxed elementor-section-height-default elementor-section-height-default\" data-id=\"3623f5e\" data-element_type=\"section\" data-e-type=\"section\" data-settings=\"{&quot;background_background&quot;:&quot;classic&quot;}\">\n\t\t\t\t\t\t\t<div class=\"elementor-background-overlay\"><\/div>\n\t\t\t\t\t\t\t<div class=\"elementor-container elementor-column-gap-no\">\n\t\t\t\t\t<div class=\"elementor-column elementor-col-50 elementor-top-column elementor-element elementor-element-ddedc5d privacy-box\" data-id=\"ddedc5d\" data-element_type=\"column\" data-e-type=\"column\">\n\t\t\t<div class=\"elementor-widget-wrap elementor-element-populated\">\n\t\t\t\t\t\t<div class=\"elementor-element elementor-element-ffda082 privacy-title elementor-widget elementor-widget-heading\" data-id=\"ffda082\" data-element_type=\"widget\" data-e-type=\"widget\" data-widget_type=\"heading.default\">\n\t\t\t\t<div class=\"elementor-widget-container\">\n\t\t\t\t\t<h3 class=\"elementor-heading-title elementor-size-default\">Protection des Donn\u00e9es\n<\/h3>\t\t\t\t<\/div>\n\t\t\t\t<\/div>\n\t\t\t\t<div class=\"elementor-element elementor-element-eeecaf9 elementor-widget elementor-widget-text-editor\" data-id=\"eeecaf9\" data-element_type=\"widget\" data-e-type=\"widget\" data-widget_type=\"text-editor.default\">\n\t\t\t\t<div class=\"elementor-widget-container\">\n\t\t\t\t\t\t\t\t\t<span style=\"font-weight: 500;\">Nous mettons en \u0153uvre des mesures administratives et technologiques pour prot\u00e9ger les donn\u00e9es personnelles contre la perte, l\u2019utilisation abusive, l\u2019acc\u00e8s non autoris\u00e9, la divulgation ou la modification.<\/span>\n\n<span style=\"font-weight: 500;\">Seul le personnel autoris\u00e9 a acc\u00e8s aux informations des clients et s\u2019engage \u00e0 en maintenir la confidentialit\u00e9.<\/span><span style=\"font-weight: 400;\">\u2019<\/span><span style=\"font-weight: 500;\"> information and are committed to maintaining its confidentiality.<\/span>\t\t\t\t\t\t\t\t<\/div>\n\t\t\t\t<\/div>\n\t\t\t\t<div class=\"elementor-element elementor-element-08fdc03 elementor-widget-divider--view-line elementor-widget elementor-widget-divider\" data-id=\"08fdc03\" data-element_type=\"widget\" data-e-type=\"widget\" data-widget_type=\"divider.default\">\n\t\t\t\t<div class=\"elementor-widget-container\">\n\t\t\t\t\t\t\t<div class=\"elementor-divider\">\n\t\t\t<span class=\"elementor-divider-separator\">\n\t\t\t\t\t\t<\/span>\n\t\t<\/div>\n\t\t\t\t\t\t<\/div>\n\t\t\t\t<\/div>\n\t\t\t\t\t<\/div>\n\t\t<\/div>\n\t\t\t\t<div class=\"elementor-column elementor-col-50 elementor-top-column elementor-element elementor-element-921710e privacy-box\" data-id=\"921710e\" data-element_type=\"column\" data-e-type=\"column\">\n\t\t\t<div class=\"elementor-widget-wrap elementor-element-populated\">\n\t\t\t\t\t\t<div class=\"elementor-element elementor-element-ae46fe6 privacy-title elementor-widget elementor-widget-heading\" data-id=\"ae46fe6\" data-element_type=\"widget\" data-e-type=\"widget\" data-widget_type=\"heading.default\">\n\t\t\t\t<div class=\"elementor-widget-container\">\n\t\t\t\t\t<h3 class=\"elementor-heading-title elementor-size-default\">Partage d\u2019Informations avec des Tiers\n<\/h3>\t\t\t\t<\/div>\n\t\t\t\t<\/div>\n\t\t\t\t<div class=\"elementor-element elementor-element-09b4e06 elementor-widget elementor-widget-text-editor\" data-id=\"09b4e06\" data-element_type=\"widget\" data-e-type=\"widget\" data-widget_type=\"text-editor.default\">\n\t\t\t\t<div class=\"elementor-widget-container\">\n\t\t\t\t\t\t\t\t\t<p><span style=\"font-weight: 500;\">Nous ne partageons pas d\u2019informations personnelles, sauf dans les cas suivants:<\/span><\/p><ul><li style=\"font-weight: 500;\" aria-level=\"1\"><span style=\"font-weight: 500;\">Respect des obligations l\u00e9gales<\/span><\/li><li style=\"font-weight: 500;\" aria-level=\"1\"><span style=\"font-weight: 500;\">Coordination avec des prestataires de services touristiques n\u00e9cessaires \u00e0 la r\u00e9alisation d\u2019une r\u00e9servation<\/span><\/li><li style=\"font-weight: 500;\" aria-level=\"1\"><span style=\"font-weight: 500;\">Avec le consentement expr\u00e8s du titulaire des donn\u00e9es.<\/span><\/li><\/ul>\t\t\t\t\t\t\t\t<\/div>\n\t\t\t\t<\/div>\n\t\t\t\t<div class=\"elementor-element elementor-element-e3f91c8 elementor-widget-divider--view-line elementor-widget elementor-widget-divider\" data-id=\"e3f91c8\" data-element_type=\"widget\" data-e-type=\"widget\" data-widget_type=\"divider.default\">\n\t\t\t\t<div class=\"elementor-widget-container\">\n\t\t\t\t\t\t\t<div class=\"elementor-divider\">\n\t\t\t<span class=\"elementor-divider-separator\">\n\t\t\t\t\t\t<\/span>\n\t\t<\/div>\n\t\t\t\t\t\t<\/div>\n\t\t\t\t<\/div>\n\t\t\t\t\t<\/div>\n\t\t<\/div>\n\t\t\t\t\t<\/div>\n\t\t<\/section>\n\t\t\t\t<section class=\"elementor-section elementor-top-section elementor-element elementor-element-c66f911 elementor-section-content-middle elementor-section-boxed elementor-section-height-default elementor-section-height-default\" data-id=\"c66f911\" data-element_type=\"section\" data-e-type=\"section\" data-settings=\"{&quot;background_background&quot;:&quot;classic&quot;}\">\n\t\t\t\t\t\t\t<div class=\"elementor-background-overlay\"><\/div>\n\t\t\t\t\t\t\t<div class=\"elementor-container elementor-column-gap-no\">\n\t\t\t\t\t<div class=\"elementor-column elementor-col-50 elementor-top-column elementor-element elementor-element-9db85be privacy-box\" data-id=\"9db85be\" data-element_type=\"column\" data-e-type=\"column\">\n\t\t\t<div class=\"elementor-widget-wrap elementor-element-populated\">\n\t\t\t\t\t\t<div class=\"elementor-element elementor-element-a51475f privacy-title elementor-widget elementor-widget-heading\" data-id=\"a51475f\" data-element_type=\"widget\" data-e-type=\"widget\" data-widget_type=\"heading.default\">\n\t\t\t\t<div class=\"elementor-widget-container\">\n\t\t\t\t\t<h3 class=\"elementor-heading-title elementor-size-default\">Droits du Titulaire des Donn\u00e9es\n<\/h3>\t\t\t\t<\/div>\n\t\t\t\t<\/div>\n\t\t\t\t<div class=\"elementor-element elementor-element-22b41e3 elementor-widget elementor-widget-text-editor\" data-id=\"22b41e3\" data-element_type=\"widget\" data-e-type=\"widget\" data-widget_type=\"text-editor.default\">\n\t\t\t\t<div class=\"elementor-widget-container\">\n\t\t\t\t\t\t\t\t\t<span style=\"font-weight: 500;\">Le client peut demander:<\/span>\n<ul>\n \t<li style=\"font-weight: 500;\" aria-level=\"1\"><span style=\"font-weight: 500;\">\u00a0<\/span><span style=\"font-weight: 500;\">L\u2019acc\u00e8s, la rectification ou la suppression de ses donn\u00e9es personnelles<\/span><\/li>\n \t<li style=\"font-weight: 500;\" aria-level=\"1\"><span style=\"font-weight: 500;\">Le retrait de son consentement<\/span><\/li>\n<\/ul>\n<span style=\"font-weight: 500;\">Des informations sur le traitement de ses donn\u00e9es en nous contactant \u00e0: info@panamagiatravels.com <\/span><b>info@panamagiatravels.com<\/b>\t\t\t\t\t\t\t\t<\/div>\n\t\t\t\t<\/div>\n\t\t\t\t<div class=\"elementor-element elementor-element-0720d10 elementor-widget-divider--view-line elementor-widget elementor-widget-divider\" data-id=\"0720d10\" data-element_type=\"widget\" data-e-type=\"widget\" data-widget_type=\"divider.default\">\n\t\t\t\t<div class=\"elementor-widget-container\">\n\t\t\t\t\t\t\t<div class=\"elementor-divider\">\n\t\t\t<span class=\"elementor-divider-separator\">\n\t\t\t\t\t\t<\/span>\n\t\t<\/div>\n\t\t\t\t\t\t<\/div>\n\t\t\t\t<\/div>\n\t\t\t\t\t<\/div>\n\t\t<\/div>\n\t\t\t\t<div class=\"elementor-column elementor-col-50 elementor-top-column elementor-element elementor-element-bc622d3 privacy-box\" data-id=\"bc622d3\" data-element_type=\"column\" data-e-type=\"column\">\n\t\t\t<div class=\"elementor-widget-wrap elementor-element-populated\">\n\t\t\t\t\t\t<div class=\"elementor-element elementor-element-cc1c02e privacy-title elementor-widget elementor-widget-heading\" data-id=\"cc1c02e\" data-element_type=\"widget\" data-e-type=\"widget\" data-widget_type=\"heading.default\">\n\t\t\t\t<div class=\"elementor-widget-container\">\n\t\t\t\t\t<h3 class=\"elementor-heading-title elementor-size-default\">Utilisation des Cookies et de l\u2019Analyse\n<\/h3>\t\t\t\t<\/div>\n\t\t\t\t<\/div>\n\t\t\t\t<div class=\"elementor-element elementor-element-5203f04 elementor-widget elementor-widget-text-editor\" data-id=\"5203f04\" data-element_type=\"widget\" data-e-type=\"widget\" data-widget_type=\"text-editor.default\">\n\t\t\t\t<div class=\"elementor-widget-container\">\n\t\t\t\t\t\t\t\t\t<span style=\"font-weight: 500;\">Notre site peut utiliser des cookies pour am\u00e9liorer l\u2019exp\u00e9rience utilisateur et analyser le trafic. <\/span>\n\n<span style=\"font-weight: 500;\">L\u2019utilisateur peut configurer son navigateur pour refuser les cookies.<\/span>\t\t\t\t\t\t\t\t<\/div>\n\t\t\t\t<\/div>\n\t\t\t\t<div class=\"elementor-element elementor-element-0216ab3 elementor-widget-divider--view-line elementor-widget elementor-widget-divider\" data-id=\"0216ab3\" data-element_type=\"widget\" data-e-type=\"widget\" data-widget_type=\"divider.default\">\n\t\t\t\t<div class=\"elementor-widget-container\">\n\t\t\t\t\t\t\t<div class=\"elementor-divider\">\n\t\t\t<span class=\"elementor-divider-separator\">\n\t\t\t\t\t\t<\/span>\n\t\t<\/div>\n\t\t\t\t\t\t<\/div>\n\t\t\t\t<\/div>\n\t\t\t\t\t<\/div>\n\t\t<\/div>\n\t\t\t\t\t<\/div>\n\t\t<\/section>\n\t\t\t\t<section class=\"elementor-section elementor-top-section elementor-element elementor-element-2b8ce04 elementor-section-content-middle elementor-section-boxed elementor-section-height-default elementor-section-height-default\" data-id=\"2b8ce04\" data-element_type=\"section\" data-e-type=\"section\" data-settings=\"{&quot;background_background&quot;:&quot;classic&quot;}\">\n\t\t\t\t\t\t\t<div class=\"elementor-background-overlay\"><\/div>\n\t\t\t\t\t\t\t<div class=\"elementor-container elementor-column-gap-no\">\n\t\t\t\t\t<div class=\"elementor-column elementor-col-50 elementor-top-column elementor-element elementor-element-ae14d71 privacy-box\" data-id=\"ae14d71\" data-element_type=\"column\" data-e-type=\"column\">\n\t\t\t<div class=\"elementor-widget-wrap elementor-element-populated\">\n\t\t\t\t\t\t<div class=\"elementor-element elementor-element-abf0a85 privacy-title elementor-widget elementor-widget-heading\" data-id=\"abf0a85\" data-element_type=\"widget\" data-e-type=\"widget\" data-widget_type=\"heading.default\">\n\t\t\t\t<div class=\"elementor-widget-container\">\n\t\t\t\t\t<h3 class=\"elementor-heading-title elementor-size-default\">Mises \u00e0 Jour de la Politique\n<\/h3>\t\t\t\t<\/div>\n\t\t\t\t<\/div>\n\t\t\t\t<div class=\"elementor-element elementor-element-4835be9 elementor-widget elementor-widget-text-editor\" data-id=\"4835be9\" data-element_type=\"widget\" data-e-type=\"widget\" data-widget_type=\"text-editor.default\">\n\t\t\t\t<div class=\"elementor-widget-container\">\n\t\t\t\t\t\t\t\t\t<span style=\"font-weight: 500;\">Nous nous r\u00e9servons le droit de modifier cette Politique de Confidentialit\u00e9 \u00e0 tout moment.<\/span>\n\n<span style=\"font-weight: 500;\">Les mises \u00e0 jour seront publi\u00e9es avec la date de r\u00e9vision la plus r\u00e9cente.<\/span>\t\t\t\t\t\t\t\t<\/div>\n\t\t\t\t<\/div>\n\t\t\t\t\t<\/div>\n\t\t<\/div>\n\t\t\t\t<div class=\"elementor-column elementor-col-50 elementor-top-column elementor-element elementor-element-21f17ae privacy-box\" data-id=\"21f17ae\" data-element_type=\"column\" data-e-type=\"column\">\n\t\t\t<div class=\"elementor-widget-wrap elementor-element-populated\">\n\t\t\t\t\t\t<div class=\"elementor-element elementor-element-61b184b privacy-title elementor-widget elementor-widget-heading\" data-id=\"61b184b\" data-element_type=\"widget\" data-e-type=\"widget\" data-widget_type=\"heading.default\">\n\t\t\t\t<div class=\"elementor-widget-container\">\n\t\t\t\t\t<h3 class=\"elementor-heading-title elementor-size-default\">Contact\n<\/h3>\t\t\t\t<\/div>\n\t\t\t\t<\/div>\n\t\t\t\t<div class=\"elementor-element elementor-element-3bd43af elementor-widget elementor-widget-text-editor\" data-id=\"3bd43af\" data-element_type=\"widget\" data-e-type=\"widget\" data-widget_type=\"text-editor.default\">\n\t\t\t\t<div class=\"elementor-widget-container\">\n\t\t\t\t\t\t\t\t\t<p><b>info@panamagiatravels.com<\/b><b><\/b><b><\/b><\/p><p><b>Ville de Panama, R\u00e9publique du Panama<\/b><\/p>\t\t\t\t\t\t\t\t<\/div>\n\t\t\t\t<\/div>\n\t\t\t\t\t<\/div>\n\t\t<\/div>\n\t\t\t\t\t<\/div>\n\t\t<\/section>\n\t\t\t\t<\/div>","protected":false},"excerpt":{"rendered":"<p>Privacy Policy General Information Panamagia Travels is a transportation and tourism company registered and regulated under the Laws of the Republic of Panama, dedicated to offering authentic and sustainable experiences for both national and international tourists. This Privacy Policy explains how we collect, use, protect, and share our clients\u2019 personal information in accordance with Law [&hellip;]<\/p>\n","protected":false},"author":1,"featured_media":18024,"parent":0,"menu_order":0,"comment_status":"closed","ping_status":"open","template":"","meta":{"footnotes":""},"class_list":["post-3","page","type-page","status-publish","has-post-thumbnail","hentry"],"_hostinger_reach_plugin_has_subscription_block":false,"_hostinger_reach_plugin_is_elementor":false,"_links":{"self":[{"href":"https:\/\/panamagiatravels.com\/fr\/wp-json\/wp\/v2\/pages\/3","targetHints":{"allow":["GET"]}}],"collection":[{"href":"https:\/\/panamagiatravels.com\/fr\/wp-json\/wp\/v2\/pages"}],"about":[{"href":"https:\/\/panamagiatravels.com\/fr\/wp-json\/wp\/v2\/types\/page"}],"author":[{"embeddable":true,"href":"https:\/\/panamagiatravels.com\/fr\/wp-json\/wp\/v2\/users\/1"}],"replies":[{"embeddable":true,"href":"https:\/\/panamagiatravels.com\/fr\/wp-json\/wp\/v2\/comments?post=3"}],"version-history":[{"count":68,"href":"https:\/\/panamagiatravels.com\/fr\/wp-json\/wp\/v2\/pages\/3\/revisions"}],"predecessor-version":[{"id":18856,"href":"https:\/\/panamagiatravels.com\/fr\/wp-json\/wp\/v2\/pages\/3\/revisions\/18856"}],"wp:featuredmedia":[{"embeddable":true,"href":"https:\/\/panamagiatravels.com\/fr\/wp-json\/wp\/v2\/media\/18024"}],"wp:attachment":[{"href":"https:\/\/panamagiatravels.com\/fr\/wp-json\/wp\/v2\/media?parent=3"}],"curies":[{"name":"wp","href":"https:\/\/api.w.org\/{rel}","templated":true}]}}