{"id":807,"date":"2022-04-16T23:51:28","date_gmt":"2022-04-16T23:51:28","guid":{"rendered":"https:\/\/modmixmap.wpengine.com\/?page_id=807"},"modified":"2026-01-25T19:00:20","modified_gmt":"2026-01-25T17:00:20","slug":"about","status":"publish","type":"page","link":"https:\/\/panamagiatravels.com\/fr\/about\/","title":{"rendered":"\u00c0 propos"},"content":{"rendered":"<div data-elementor-type=\"wp-page\" data-elementor-id=\"807\" class=\"elementor elementor-807\">\n\t\t\t\t\t\t<section class=\"elementor-section elementor-top-section elementor-element elementor-element-6eb11fd1 elementor-section-full_width elementor-section-height-default elementor-section-height-default\" data-id=\"6eb11fd1\" data-element_type=\"section\" data-e-type=\"section\">\n\t\t\t\t\t\t<div class=\"elementor-container elementor-column-gap-default\">\n\t\t\t\t\t<div class=\"elementor-column elementor-col-100 elementor-top-column elementor-element elementor-element-4732643c\" data-id=\"4732643c\" data-element_type=\"column\" data-e-type=\"column\">\n\t\t\t<div class=\"elementor-widget-wrap elementor-element-populated\">\n\t\t\t\t\t\t<section class=\"elementor-section elementor-inner-section elementor-element elementor-element-2947a700 elementor-section-full_width elementor-section-height-default elementor-section-height-default\" data-id=\"2947a700\" data-element_type=\"section\" data-e-type=\"section\" data-settings=\"{&quot;background_background&quot;:&quot;classic&quot;}\">\n\t\t\t\t\t\t<div class=\"elementor-container elementor-column-gap-default\">\n\t\t\t\t\t<div class=\"elementor-column elementor-col-100 elementor-inner-column elementor-element elementor-element-42bead8c\" data-id=\"42bead8c\" data-element_type=\"column\" data-e-type=\"column\">\n\t\t\t<div class=\"elementor-widget-wrap elementor-element-populated\">\n\t\t\t\t\t\t<div class=\"elementor-element elementor-element-393256ee elementor-widget__width-auto elementor-widget elementor-widget-st_button_video_popup\" data-id=\"393256ee\" data-element_type=\"widget\" data-e-type=\"widget\" data-settings=\"{&quot;youtube_url&quot;:&quot;https:\\\/\\\/www.youtube.com\\\/watch?v=XHOmBV4js_E&quot;,&quot;video_type&quot;:&quot;youtube&quot;,&quot;yt_privacy&quot;:1,&quot;mute&quot;:1,&quot;loop&quot;:0}\" data-widget_type=\"st_button_video_popup.default\">\n\t\t\t\t<div class=\"elementor-widget-container\">\n\t\t\t\t\t<div class=\"st-button-popup-video default\">\r\n    <button class=\"elementor-custom-embed-image-overlay\" data-elementor-open-lightbox=\"yes\" data-elementor-lightbox=\"{&quot;type&quot;:&quot;video&quot;,&quot;videoType&quot;:&quot;youtube&quot;,&quot;url&quot;:&quot;https:\\\/\\\/www.youtube-nocookie.com\\\/embed\\\/XHOmBV4js_E?feature=oembed&amp;start&amp;end&amp;wmode=opaque&amp;loop=0&amp;mute=1&quot;,&quot;modalOptions&quot;:{&quot;id&quot;:&quot;elementor-lightbox-393256ee&quot;,&quot;videoAspectRatio&quot;:&quot;169&quot;}}\"><span class=\"stt-icon-play\"><\/span><\/button>\r\n<\/div>\t\t\t\t<\/div>\n\t\t\t\t<\/div>\n\t\t\t\t\t<\/div>\n\t\t<\/div>\n\t\t\t\t\t<\/div>\n\t\t<\/section>\n\t\t\t\t\t<\/div>\n\t\t<\/div>\n\t\t\t\t\t<\/div>\n\t\t<\/section>\n\t\t\t\t<section class=\"elementor-section elementor-top-section elementor-element elementor-element-1e2f5304 elementor-section-full_width elementor-section-height-default elementor-section-height-default\" data-id=\"1e2f5304\" data-element_type=\"section\" data-e-type=\"section\">\n\t\t\t\t\t\t<div class=\"elementor-container elementor-column-gap-default\">\n\t\t\t\t\t<div class=\"elementor-column elementor-col-100 elementor-top-column elementor-element elementor-element-6aae9b20\" data-id=\"6aae9b20\" data-element_type=\"column\" data-e-type=\"column\">\n\t\t\t<div class=\"elementor-widget-wrap elementor-element-populated\">\n\t\t\t\t\t\t<div class=\"elementor-element elementor-element-4bbaade elementor-widget elementor-widget-heading\" data-id=\"4bbaade\" data-element_type=\"widget\" data-e-type=\"widget\" data-widget_type=\"heading.default\">\n\t\t\t\t<div class=\"elementor-widget-container\">\n\t\t\t\t\t<h2 class=\"elementor-heading-title elementor-size-default\"><h2 style=\"background-color:#121a53;color:#fff;text-align:center;padding: 0px;margin: 0;width:100%;font-size:28px\">\n \u00c0 propos de l'entreprise \n<\/h2><\/h2>\t\t\t\t<\/div>\n\t\t\t\t<\/div>\n\t\t\t\t<div class=\"elementor-element elementor-element-2eecd387 elementor-widget elementor-widget-heading\" data-id=\"2eecd387\" data-element_type=\"widget\" data-e-type=\"widget\" data-widget_type=\"heading.default\">\n\t\t\t\t<div class=\"elementor-widget-container\">\n\t\t\t\t\t<h2 class=\"elementor-heading-title elementor-size-default\"><p><strong>Qui Nous Sommes<\/strong><\/p>\n<p>Panamagia Travels est une entreprise panam\u00e9enne proposant des exp\u00e9riences touristiques durables, sp\u00e9cialis\u00e9e dans le transport priv\u00e9 et les circuits personnalis\u00e9s qui connectent les voyageurs \u00e0 l\u2019essence authentique du Panama.<\/p>\n\n<p>Nous combinons le confort des transferts priv\u00e9s avec la conception d\u2019itin\u00e9raires uniques, culturels et naturels, pens\u00e9s pour ceux qui souhaitent d\u00e9couvrir le pays de mani\u00e8re proche, s\u00fbre et respectueuse.<\/p>\n\n<p>Bas\u00e9s \u00e0 Panama City, nous offrons tout, des transferts a\u00e9roport aux visites urbaines, en passant par l\u2019\u00e9cotourisme dans les communaut\u00e9s indig\u00e8nes, les escapades dans les Cara\u00efbes et bien plus encore.<\/p>\n\n<p>Notre \u00e9quipe de conducteurs-h\u00f4tes et de collaborateurs locaux garantit un service chaleureux, des itin\u00e9raires bien pens\u00e9s et un engagement fort envers le tourisme responsable.<\/p>\n\n<p><strong>Explorez en toute confiance. Explorez avec Panamagia.<\/strong><\/p>\n<p><strong>\"Bien plus que du transport. Nous cr\u00e9ons des exp\u00e9riences.\"<\/strong><\/p><\/h2>\t\t\t\t<\/div>\n\t\t\t\t<\/div>\n\t\t\t\t\t<\/div>\n\t\t<\/div>\n\t\t\t\t\t<\/div>\n\t\t<\/section>\n\t\t\t\t<section class=\"elementor-section elementor-top-section elementor-element elementor-element-6a5a94e3 elementor-section-full_width elementor-section-height-default elementor-section-height-default\" data-id=\"6a5a94e3\" data-element_type=\"section\" data-e-type=\"section\">\n\t\t\t\t\t\t<div class=\"elementor-container elementor-column-gap-default\">\n\t\t\t\t\t<div class=\"elementor-column elementor-col-50 elementor-top-column elementor-element elementor-element-52410987\" data-id=\"52410987\" data-element_type=\"column\" data-e-type=\"column\">\n\t\t\t<div class=\"elementor-widget-wrap elementor-element-populated\">\n\t\t\t\t\t\t<div class=\"elementor-element elementor-element-96c2f29 elementor-widget elementor-widget-heading\" data-id=\"96c2f29\" data-element_type=\"widget\" data-e-type=\"widget\" data-widget_type=\"heading.default\">\n\t\t\t\t<div class=\"elementor-widget-container\">\n\t\t\t\t\t<h2 class=\"elementor-heading-title elementor-size-default\"><h2 style=\"background-color:#121a53;color:#fff;text-align:center;padding: 0px;margin: 0;width:100%;font-size:28px\">\nMission\n<\/h2><\/h2>\t\t\t\t<\/div>\n\t\t\t\t<\/div>\n\t\t\t\t<div class=\"elementor-element elementor-element-363cb770 elementor-widget elementor-widget-heading\" data-id=\"363cb770\" data-element_type=\"widget\" data-e-type=\"widget\" data-widget_type=\"heading.default\">\n\t\t\t\t<div class=\"elementor-widget-container\">\n\t\t\t\t\t<h2 class=\"elementor-heading-title elementor-size-default\"><span>Offrir des exp\u00e9riences touristiques s\u00fbres, authentiques et durables, combinant transport priv\u00e9 et circuits personnalis\u00e9s qui connectent les voyageurs \u00e0 l\u2019essence du Panama et du monde, cr\u00e9ant des exp\u00e9riences m\u00e9morables pour chacun d\u2019eux.<\/span><br><\/h2>\t\t\t\t<\/div>\n\t\t\t\t<\/div>\n\t\t\t\t<div class=\"elementor-element elementor-element-264ad2e9 elementor-align-start elementor-icon-list--layout-traditional elementor-list-item-link-full_width elementor-widget elementor-widget-icon-list\" data-id=\"264ad2e9\" data-element_type=\"widget\" data-e-type=\"widget\" data-widget_type=\"icon-list.default\">\n\t\t\t\t<div class=\"elementor-widget-container\">\n\t\t\t\t\t\t\t<ul class=\"elementor-icon-list-items\">\n\t\t\t\t\t\t\t<li class=\"elementor-icon-list-item\">\n\t\t\t\t\t\t\t\t\t\t<span class=\"elementor-icon-list-text\"><\/span>\n\t\t\t\t\t\t\t\t\t<\/li>\n\t\t\t\t\t\t<\/ul>\n\t\t\t\t\t\t<\/div>\n\t\t\t\t<\/div>\n\t\t\t\t\t<\/div>\n\t\t<\/div>\n\t\t\t\t<div class=\"elementor-column elementor-col-50 elementor-top-column elementor-element elementor-element-3acbe6d7\" data-id=\"3acbe6d7\" data-element_type=\"column\" data-e-type=\"column\">\n\t\t\t<div class=\"elementor-widget-wrap elementor-element-populated\">\n\t\t\t\t\t\t<div class=\"elementor-element elementor-element-e20439a elementor-widget elementor-widget-heading\" data-id=\"e20439a\" data-element_type=\"widget\" data-e-type=\"widget\" data-widget_type=\"heading.default\">\n\t\t\t\t<div class=\"elementor-widget-container\">\n\t\t\t\t\t<h2 class=\"elementor-heading-title elementor-size-default\"><h2 style=\"background-color:#121a53;color:#fff;text-align:center;padding: 0px;margin: 0;width:100%;font-size:28px\">\nVision\n<\/h2><\/h2>\t\t\t\t<\/div>\n\t\t\t\t<\/div>\n\t\t\t\t<div class=\"elementor-element elementor-element-8ba4a4c elementor-widget elementor-widget-heading\" data-id=\"8ba4a4c\" data-element_type=\"widget\" data-e-type=\"widget\" data-widget_type=\"heading.default\">\n\t\t\t\t<div class=\"elementor-widget-container\">\n\t\t\t\t\t<h2 class=\"elementor-heading-title elementor-size-default\"><span id=\"docs-internal-guid-65f8dae4-7fff-8263-1833-8ca986ff6269\">\u00catre l\u2019agence leader du tourisme responsable et innovant au Panama, reconnue internationalement, cr\u00e9ant des exp\u00e9riences m\u00e9morables et durables qui g\u00e9n\u00e8rent de la valeur pour les communaut\u00e9s locales.<\/span><\/h2>\t\t\t\t<\/div>\n\t\t\t\t<\/div>\n\t\t\t\t\t<\/div>\n\t\t<\/div>\n\t\t\t\t\t<\/div>\n\t\t<\/section>\n\t\t\t\t<section class=\"elementor-section elementor-top-section elementor-element elementor-element-e70a8bc elementor-section-full_width elementor-section-height-default elementor-section-height-default\" data-id=\"e70a8bc\" data-element_type=\"section\" data-e-type=\"section\">\n\t\t\t\t\t\t<div class=\"elementor-container elementor-column-gap-default\">\n\t\t\t\t\t<div class=\"elementor-column elementor-col-100 elementor-top-column elementor-element elementor-element-50dd107\" data-id=\"50dd107\" data-element_type=\"column\" data-e-type=\"column\">\n\t\t\t<div class=\"elementor-widget-wrap elementor-element-populated\">\n\t\t\t\t\t\t<div class=\"elementor-element elementor-element-0bf0977 elementor-widget elementor-widget-heading\" data-id=\"0bf0977\" data-element_type=\"widget\" data-e-type=\"widget\" data-widget_type=\"heading.default\">\n\t\t\t\t<div class=\"elementor-widget-container\">\n\t\t\t\t\t<h2 class=\"elementor-heading-title elementor-size-default\"><h2 style=\"background-color:#121a53;color:#fff;text-align:center;padding: 0px;margin: 0;width:100%;font-size:28px\">\n Notre Histoire\n<\/h2>\n<\/h2>\t\t\t\t<\/div>\n\t\t\t\t<\/div>\n\t\t\t\t<div class=\"elementor-element elementor-element-872951b elementor-widget elementor-widget-heading\" data-id=\"872951b\" data-element_type=\"widget\" data-e-type=\"widget\" data-widget_type=\"heading.default\">\n\t\t\t\t<div class=\"elementor-widget-container\">\n\t\t\t\t\t<h2 class=\"elementor-heading-title elementor-size-default\"><p>Panamagia Travels est n\u00e9e d\u2019une exp\u00e9rience de voyage profonde: nous avons compris que voyager ne consiste pas seulement \u00e0 d\u00e9couvrir des lieux, mais \u00e0 cr\u00e9er des souvenirs qui transforment et demeurent pour toujours. C\u2019est alors que nous avons r\u00e9alis\u00e9 que la v\u00e9ritable valeur d\u2019un voyage r\u00e9side dans la connexion authentique avec la culture, la nature et les personnes qui donnent vie \u00e0 chaque destination.<\/p>\n<p>C\u2019est avec cet objectif que nous avons fond\u00e9 Panamagia Travels: offrir plus que du transport ou des circuits, mais des exp\u00e9riences personnalis\u00e9es et significatives qui r\u00e9v\u00e8lent la magie et l\u2019essence unique du Panama.<\/p>\n<p>Nous avons \u00e9galement compris que cette magie ne peut durer que si nous prenons soin de notre plan\u00e8te. C\u2019est pourquoi, \u00e0 chaque parcours, nous promouvons un tourisme conscient et durable, qui respecte et soutient les communaut\u00e9s locales, prot\u00e8ge la biodiversit\u00e9 et minimise l\u2019impact environnemental.<\/p>\n<p>Aujourd\u2019hui, Panamagia Travels est une invitation \u00e0 d\u00e9couvrir le Panama le c\u0153ur ouvert, \u00e0 voyager avec respect et \u00e0 cr\u00e9er des souvenirs qui inspirent, transforment et perdurent toute une vie.<\/p><\/h2>\t\t\t\t<\/div>\n\t\t\t\t<\/div>\n\t\t\t\t\t<\/div>\n\t\t<\/div>\n\t\t\t\t\t<\/div>\n\t\t<\/section>\n\t\t<div class=\"elementor-element elementor-element-62a6129 e-grid e-con-full e-con e-parent\" data-id=\"62a6129\" data-element_type=\"container\" data-e-type=\"container\" data-settings=\"{&quot;shape_divider_top&quot;:&quot;mountains&quot;}\">\n\t\t\t\t<div class=\"elementor-shape elementor-shape-top\" aria-hidden=\"true\" data-negative=\"false\">\n\t\t\t<svg xmlns=\"http:\/\/www.w3.org\/2000\/svg\" viewbox=\"0 0 1000 100\" preserveaspectratio=\"none\">\n\t<path class=\"elementor-shape-fill\" opacity=\"0.33\" d=\"M473,67.3c-203.9,88.3-263.1-34-320.3,0C66,119.1,0,59.7,0,59.7V0h1000v59.7 c0,0-62.1,26.1-94.9,29.3c-32.8,3.3-62.8-12.3-75.8-22.1C806,49.6,745.3,8.7,694.9,4.7S492.4,59,473,67.3z\"\/>\n\t<path class=\"elementor-shape-fill\" opacity=\"0.66\" d=\"M734,67.3c-45.5,0-77.2-23.2-129.1-39.1c-28.6-8.7-150.3-10.1-254,39.1 s-91.7-34.4-149.2,0C115.7,118.3,0,39.8,0,39.8V0h1000v36.5c0,0-28.2-18.5-92.1-18.5C810.2,18.1,775.7,67.3,734,67.3z\"\/>\n\t<path class=\"elementor-shape-fill\" d=\"M766.1,28.9c-200-57.5-266,65.5-395.1,19.5C242,1.8,242,5.4,184.8,20.6C128,35.8,132.3,44.9,89.9,52.5C28.6,63.7,0,0,0,0 h1000c0,0-9.9,40.9-83.6,48.1S829.6,47,766.1,28.9z\"\/>\n<\/svg>\t\t<\/div>\n\t\t\t\t<div class=\"elementor-element elementor-element-6741bb3 elementor-widget elementor-widget-image\" data-id=\"6741bb3\" data-element_type=\"widget\" data-e-type=\"widget\" data-widget_type=\"image.default\">\n\t\t\t\t<div class=\"elementor-widget-container\">\n\t\t\t\t\t\t\t\t\t\t\t\t\t\t\t<img fetchpriority=\"high\" decoding=\"async\" width=\"1024\" height=\"1024\" src=\"https:\/\/panamagiatravels.com\/wp-content\/uploads\/2025\/11\/Cesar-Escritorio-1024x1024.jpg\" class=\"attachment-large size-large wp-image-18228\" alt=\"\" srcset=\"https:\/\/panamagiatravels.com\/wp-content\/uploads\/2025\/11\/Cesar-Escritorio-1024x1024.jpg 1024w, https:\/\/panamagiatravels.com\/wp-content\/uploads\/2025\/11\/Cesar-Escritorio-300x300.jpg 300w, https:\/\/panamagiatravels.com\/wp-content\/uploads\/2025\/11\/Cesar-Escritorio-150x150.jpg 150w, https:\/\/panamagiatravels.com\/wp-content\/uploads\/2025\/11\/Cesar-Escritorio-1536x1536.jpg 1536w, https:\/\/panamagiatravels.com\/wp-content\/uploads\/2025\/11\/Cesar-Escritorio-2048x2048.jpg 2048w\" sizes=\"(max-width: 1024px) 100vw, 1024px\" title=\"\">\t\t\t\t\t\t\t\t\t\t\t\t\t\t\t<\/div>\n\t\t\t\t<\/div>\n\t\t\t\t<div class=\"elementor-element elementor-element-bb45968 elementor-widget elementor-widget-image\" data-id=\"bb45968\" data-element_type=\"widget\" data-e-type=\"widget\" data-widget_type=\"image.default\">\n\t\t\t\t<div class=\"elementor-widget-container\">\n\t\t\t\t\t\t\t\t\t\t\t\t\t\t\t<img decoding=\"async\" width=\"1024\" height=\"1024\" src=\"https:\/\/panamagiatravels.com\/wp-content\/uploads\/2025\/11\/Diana-A-1024x1024.jpg\" class=\"attachment-large size-large wp-image-18230\" alt=\"\" srcset=\"https:\/\/panamagiatravels.com\/wp-content\/uploads\/2025\/11\/Diana-A-1024x1024.jpg 1024w, https:\/\/panamagiatravels.com\/wp-content\/uploads\/2025\/11\/Diana-A-300x300.jpg 300w, https:\/\/panamagiatravels.com\/wp-content\/uploads\/2025\/11\/Diana-A-150x150.jpg 150w, https:\/\/panamagiatravels.com\/wp-content\/uploads\/2025\/11\/Diana-A-1536x1536.jpg 1536w, https:\/\/panamagiatravels.com\/wp-content\/uploads\/2025\/11\/Diana-A-2048x2048.jpg 2048w\" sizes=\"(max-width: 1024px) 100vw, 1024px\" title=\"\">\t\t\t\t\t\t\t\t\t\t\t\t\t\t\t<\/div>\n\t\t\t\t<\/div>\n\t\t\t\t<div class=\"elementor-element elementor-element-a97e29d elementor-widget elementor-widget-image\" data-id=\"a97e29d\" data-element_type=\"widget\" data-e-type=\"widget\" data-widget_type=\"image.default\">\n\t\t\t\t<div class=\"elementor-widget-container\">\n\t\t\t\t\t\t\t\t\t\t\t\t\t\t\t<img decoding=\"async\" width=\"1024\" height=\"1024\" src=\"https:\/\/panamagiatravels.com\/wp-content\/uploads\/2025\/11\/Cesar-G-1024x1024.jpg\" class=\"attachment-large size-large wp-image-18229\" alt=\"\" srcset=\"https:\/\/panamagiatravels.com\/wp-content\/uploads\/2025\/11\/Cesar-G-1024x1024.jpg 1024w, https:\/\/panamagiatravels.com\/wp-content\/uploads\/2025\/11\/Cesar-G-300x300.jpg 300w, https:\/\/panamagiatravels.com\/wp-content\/uploads\/2025\/11\/Cesar-G-150x150.jpg 150w, https:\/\/panamagiatravels.com\/wp-content\/uploads\/2025\/11\/Cesar-G-1536x1536.jpg 1536w, https:\/\/panamagiatravels.com\/wp-content\/uploads\/2025\/11\/Cesar-G-2048x2048.jpg 2048w\" sizes=\"(max-width: 1024px) 100vw, 1024px\" title=\"\">\t\t\t\t\t\t\t\t\t\t\t\t\t\t\t<\/div>\n\t\t\t\t<\/div>\n\t\t\t\t<\/div>\n\t\t\t\t<section class=\"elementor-section elementor-top-section elementor-element elementor-element-8da2300 elementor-section-full_width elementor-section-height-default elementor-section-height-default\" data-id=\"8da2300\" data-element_type=\"section\" data-e-type=\"section\">\n\t\t\t\t\t\t<div class=\"elementor-container elementor-column-gap-default\">\n\t\t\t\t\t<div class=\"elementor-column elementor-col-100 elementor-top-column elementor-element elementor-element-3139af3\" data-id=\"3139af3\" data-element_type=\"column\" data-e-type=\"column\">\n\t\t\t<div class=\"elementor-widget-wrap elementor-element-populated\">\n\t\t\t\t\t\t<div class=\"elementor-element elementor-element-ff6a748 elementor-widget elementor-widget-heading\" data-id=\"ff6a748\" data-element_type=\"widget\" data-e-type=\"widget\" data-widget_type=\"heading.default\">\n\t\t\t\t<div class=\"elementor-widget-container\">\n\t\t\t\t\t<h2 class=\"elementor-heading-title elementor-size-default\"><h2 style=\"background-color:#121a53;color:#fff;text-align:center;padding: 0px;margin: 0;width:100%;font-size:28px\">\nValeurs\n<\/h2><\/h2>\t\t\t\t<\/div>\n\t\t\t\t<\/div>\n\t\t\t\t\t<\/div>\n\t\t<\/div>\n\t\t\t\t\t<\/div>\n\t\t<\/section>\n\t\t<div class=\"elementor-element elementor-element-502e5e4 e-con-full e-flex e-con e-parent\" data-id=\"502e5e4\" data-element_type=\"container\" data-e-type=\"container\">\n\t\t\t\t<div class=\"elementor-element elementor-element-e9c3193 elementor-widget elementor-widget-eael-adv-tabs\" data-id=\"e9c3193\" data-element_type=\"widget\" data-e-type=\"widget\" data-widget_type=\"eael-adv-tabs.default\">\n\t\t\t\t<div class=\"elementor-widget-container\">\n\t\t\t\t\t        <div data-scroll-on-click=\"no\" data-scroll-speed=\"300\" id=\"eael-advance-tabs-e9c3193\" class=\"eael-advance-tabs eael-tabs-horizontal eael-tab-auto-active\" data-tabid=\"e9c3193\">\n            <div class=\"eael-tabs-nav\">\n                <ul class=\"\" role=\"tablist\">\n                                            <li id=\"trust\" class=\"inactive eael-tab-item-trigger eael-tab-nav-item\" aria-selected=\"true\" data-tab=\"1\" role=\"tab\" tabindex=\"0\" aria-controls=\"trust-tab\" aria-expanded=\"false\">\n                            \n                            \n                            \n                                                            <span class=\"eael-tab-title title-after-icon\" >Confiance<\/span>                                                    <\/li>\n                                            <li id=\"responsability\" class=\"inactive eael-tab-item-trigger eael-tab-nav-item\" aria-selected=\"false\" data-tab=\"2\" role=\"tab\" tabindex=\"-1\" aria-controls=\"responsability-tab\" aria-expanded=\"false\">\n                            \n                            \n                            \n                                                            <span class=\"eael-tab-title title-after-icon\" >Responsabilit\u00e9<\/span>                                                    <\/li>\n                                            <li id=\"warmth\" class=\"inactive eael-tab-item-trigger eael-tab-nav-item\" aria-selected=\"false\" data-tab=\"3\" role=\"tab\" tabindex=\"-1\" aria-controls=\"warmth-tab\" aria-expanded=\"false\">\n                            \n                            \n                            \n                                                            <span class=\"eael-tab-title title-after-icon\" >Chaleur<\/span>                                                    <\/li>\n                                            <li id=\"excellence\" class=\"inactive eael-tab-item-trigger eael-tab-nav-item\" aria-selected=\"false\" data-tab=\"4\" role=\"tab\" tabindex=\"-1\" aria-controls=\"excellence-tab\" aria-expanded=\"false\">\n                            \n                            \n                            \n                                                            <span class=\"eael-tab-title title-after-icon\" >Excellence<\/span>                                                    <\/li>\n                    \n                                  <\/ul>\n            <\/div>\n            \n            <div class=\"eael-tabs-content\">\n\t\t        \n                    <div id=\"trust-tab\" class=\"clearfix eael-tab-content-item inactive\" data-title-link=\"trust-tab\">\n\t\t\t\t        <p style=\"text-align: justify\">Nous g\u00e9n\u00e9rons de la s\u00e9curit\u00e9 \u00e0 chaque trajet, en tenant nos promesses.<\/p>                    <\/div>\n\t\t        \n                    <div id=\"responsability-tab\" class=\"clearfix eael-tab-content-item inactive\" data-title-link=\"responsability-tab\">\n\t\t\t\t        <p style=\"text-align: justify\">Nous agissons avec un engagement social, environnemental et \u00e9thique.<\/p>                    <\/div>\n\t\t        \n                    <div id=\"warmth-tab\" class=\"clearfix eael-tab-content-item inactive\" data-title-link=\"warmth-tab\">\n\t\t\t\t        <p style=\"text-align: justify\">Nous accueillons chaque voyageur avec amabilit\u00e9, respect et proximit\u00e9 humaine.<\/p>                    <\/div>\n\t\t        \n                    <div id=\"excellence-tab\" class=\"clearfix eael-tab-content-item inactive\" data-title-link=\"excellence-tab\">\n\t\t\t\t        <p style=\"text-align: justify\">Nous nous engageons \u00e0 progresser, \u00e9couter et d\u00e9passer les attentes.<\/p>                    <\/div>\n\t\t                    <\/div>\n        <\/div>\n\t\t\t\t<\/div>\n\t\t\t\t<\/div>\n\t\t\t\t<\/div>\n\t\t\t\t<\/div>","protected":false},"excerpt":{"rendered":"<p>&nbsp; About the Company Who we are? Panamagia Travels is a Panamanian company offering sustainable tourism experiences, specializing in private transportation and personalized tours that connect travelers with the authentic essence of Panama. We combine the comfort of private transfers with the design of unique cultural and natural itineraries, crafted for those who want to [&hellip;]<\/p>\n","protected":false},"author":1,"featured_media":18036,"parent":0,"menu_order":0,"comment_status":"closed","ping_status":"closed","template":"","meta":{"footnotes":""},"class_list":["post-807","page","type-page","status-publish","has-post-thumbnail","hentry"],"_hostinger_reach_plugin_has_subscription_block":false,"_hostinger_reach_plugin_is_elementor":false,"_links":{"self":[{"href":"https:\/\/panamagiatravels.com\/fr\/wp-json\/wp\/v2\/pages\/807","targetHints":{"allow":["GET"]}}],"collection":[{"href":"https:\/\/panamagiatravels.com\/fr\/wp-json\/wp\/v2\/pages"}],"about":[{"href":"https:\/\/panamagiatravels.com\/fr\/wp-json\/wp\/v2\/types\/page"}],"author":[{"embeddable":true,"href":"https:\/\/panamagiatravels.com\/fr\/wp-json\/wp\/v2\/users\/1"}],"replies":[{"embeddable":true,"href":"https:\/\/panamagiatravels.com\/fr\/wp-json\/wp\/v2\/comments?post=807"}],"version-history":[{"count":215,"href":"https:\/\/panamagiatravels.com\/fr\/wp-json\/wp\/v2\/pages\/807\/revisions"}],"predecessor-version":[{"id":18828,"href":"https:\/\/panamagiatravels.com\/fr\/wp-json\/wp\/v2\/pages\/807\/revisions\/18828"}],"wp:featuredmedia":[{"embeddable":true,"href":"https:\/\/panamagiatravels.com\/fr\/wp-json\/wp\/v2\/media\/18036"}],"wp:attachment":[{"href":"https:\/\/panamagiatravels.com\/fr\/wp-json\/wp\/v2\/media?parent=807"}],"curies":[{"name":"wp","href":"https:\/\/api.w.org\/{rel}","templated":true}]}}